{"id":5515,"date":"2024-04-21T11:26:37","date_gmt":"2024-04-21T08:26:37","guid":{"rendered":"https:\/\/www.lionashotel.com\/cerez-politikasi\/"},"modified":"2024-05-03T15:39:42","modified_gmt":"2024-05-03T12:39:42","slug":"cookie-policy","status":"publish","type":"page","link":"https:\/\/lionashotel.com\/en\/cookie-policy\/","title":{"rendered":"Cookie Policy"},"content":{"rendered":"\t\t<div data-elementor-type=\"wp-page\" data-elementor-id=\"5515\" class=\"elementor elementor-5515 elementor-5022\">\n\t\t\t\t\t\t<section class=\"elementor-section elementor-top-section elementor-element elementor-element-a8cf586 elementor-section-boxed elementor-section-height-default elementor-section-height-default\" data-id=\"a8cf586\" data-element_type=\"section\" id=\"SubPageHero\" data-settings=\"{&quot;background_background&quot;:&quot;classic&quot;}\">\n\t\t\t\t\t\t\t<div class=\"elementor-background-overlay\"><\/div>\n\t\t\t\t\t\t\t<div class=\"elementor-container elementor-column-gap-default\">\n\t\t\t\t\t<div class=\"elementor-column elementor-col-100 elementor-top-column elementor-element elementor-element-3285545\" data-id=\"3285545\" data-element_type=\"column\">\n\t\t\t<div class=\"elementor-widget-wrap elementor-element-populated\">\n\t\t\t\t\t\t<div class=\"elementor-element elementor-element-f30ca28 elementor-widget elementor-widget-hub_fancy_heading\" data-id=\"f30ca28\" data-element_type=\"widget\" data-widget_type=\"hub_fancy_heading.default\">\n\t\t\t\t<div class=\"elementor-widget-container\">\n\t\t\t\t\t\n\t\t<div id=\"ld-fancy-heading-69f3d83ab1c0e\" class=\"ld-fancy-heading pos-rel\">\n\t\t\t<h1 class=\"ld-fh-element d-inline-block pos-rel  elementor-heading-title h1\"  > Cookie Policy<\/h1>\t\t<\/div>\n\n\t\t\t\t\t\t<\/div>\n\t\t\t\t<\/div>\n\t\t\t\t<div class=\"elementor-element elementor-element-0f94e4b elementor-align-center elementor-widget elementor-widget-ld_button\" data-id=\"0f94e4b\" data-element_type=\"widget\" data-widget_type=\"ld_button.default\">\n\t\t\t\t<div class=\"elementor-widget-container\">\n\t\t\t\t\t\n\t\t\t<a\n\t\t\t\tclass=\"elementor-button btn btn-naked btn-icon-right btn-no-label\" data-localscroll=\"1\" data-localscroll-options=\"{&quot;scrollBelowSection&quot;:true}\" href=\"#\"\t\t\t>\n\t\t\t\t\t\t\t\t\t\t\t\t\t\t<span class=\"btn-icon\">\n\t\t\t\t\t\t\t<i aria-hidden=\"true\" class=\"lqd-icn-ess icon-ion-ios-arrow-down\"><\/i>\t\t\t\t\t\t<\/span>\n\t\t\t\t\t\t\t\t\t<\/a>\n\t\t\t\t\t\t\t<\/div>\n\t\t\t\t<\/div>\n\t\t\t\t\t<\/div>\n\t\t<\/div>\n\t\t\t\t\t<\/div>\n\t\t<\/section>\n\t\t\t\t<section class=\"elementor-section elementor-top-section elementor-element elementor-element-3ebe36e4 elementor-section-boxed elementor-section-height-default elementor-section-height-default\" data-id=\"3ebe36e4\" data-element_type=\"section\">\n\t\t\t\t\t\t<div class=\"elementor-container elementor-column-gap-default\">\n\t\t\t\t\t<div class=\"elementor-column elementor-col-100 elementor-top-column elementor-element elementor-element-21b9f6a3\" data-id=\"21b9f6a3\" data-element_type=\"column\">\n\t\t\t<div class=\"elementor-widget-wrap elementor-element-populated\">\n\t\t\t\t\t\t<div class=\"elementor-element elementor-element-5c9d123 elementor-widget elementor-widget-hub_fancy_heading\" data-id=\"5c9d123\" data-element_type=\"widget\" id=\"TextHead\" data-widget_type=\"hub_fancy_heading.default\">\n\t\t\t\t<div class=\"elementor-widget-container\">\n\t\t\t\t\t\n\t\t<div id=\"ld-fancy-heading-69f3d83ab4f17\" class=\"ld-fancy-heading pos-rel\">\n\t\t\t<h6 class=\"ld-fh-element d-inline-block pos-rel  elementor-heading-title h6\"  > GENERAL<\/h6>\t\t<\/div>\n\n\t\t\t\t\t\t<\/div>\n\t\t\t\t<\/div>\n\t\t\t\t<div class=\"elementor-element elementor-element-a6e30d2 elementor-widget elementor-widget-hub_fancy_heading\" data-id=\"a6e30d2\" data-element_type=\"widget\" id=\"TextParagraph\" data-widget_type=\"hub_fancy_heading.default\">\n\t\t\t\t<div class=\"elementor-widget-container\">\n\t\t\t\t\t\n\t\t<div id=\"ld-fancy-heading-69f3d83ab535a\" class=\"ld-fancy-heading pos-rel\">\n\t\t\t<p class=\"ld-fh-element d-inline-block pos-rel  p\"  > Lionas Inc. Various cookies are used on our website https:\/\/www.lionashotel.com\/ belonging to the (\u201cCompany\u201d). This policy is about the cookies we use on our site and has been prepared to explain to you which cookies we use and the purposes of our use during your visit to our site.\nCookies are small text files obtained through the website you visit that enable the person who sets the cookie to obtain information about you. Cookies are generally used for purposes such as functionality, performance and marketing activities, such as making websites work or working better, creating general usage reports or remembering users.<\/p>\t\t<\/div>\n\n\t\t\t\t\t\t<\/div>\n\t\t\t\t<\/div>\n\t\t\t\t<div class=\"elementor-element elementor-element-2bc66eb elementor-widget elementor-widget-hub_fancy_heading\" data-id=\"2bc66eb\" data-element_type=\"widget\" id=\"TextHead\" data-widget_type=\"hub_fancy_heading.default\">\n\t\t\t\t<div class=\"elementor-widget-container\">\n\t\t\t\t\t\n\t\t<div id=\"ld-fancy-heading-69f3d83ab5764\" class=\"ld-fancy-heading pos-rel\">\n\t\t\t<h6 class=\"ld-fh-element d-inline-block pos-rel  elementor-heading-title h6\"  > The Cookies We Use and Our Purpose of Use<\/h6>\t\t<\/div>\n\n\t\t\t\t\t\t<\/div>\n\t\t\t\t<\/div>\n\t\t\t\t<div class=\"elementor-element elementor-element-3794d57 elementor-widget elementor-widget-hub_fancy_heading\" data-id=\"3794d57\" data-element_type=\"widget\" id=\"TextParagraph\" data-widget_type=\"hub_fancy_heading.default\">\n\t\t\t\t<div class=\"elementor-widget-container\">\n\t\t\t\t\t\n\t\t<div id=\"ld-fancy-heading-69f3d83ab5b89\" class=\"ld-fancy-heading pos-rel\">\n\t\t\t<p class=\"ld-fh-element d-inline-block pos-rel  p\"  > Some of the cookies we use are mandatory within the scope of the services we provide to you. Some cookies we use are only used as long as you give your consent. In this context, the main cookies we use are as follows:\nCookies we use compulsorily:\nThese cookies are mandatory for the use of our website and generally do not contain personal data. Your consent is not required for the use of such cookies.\n<br><br>\nCookies we use to improve functionality:\nThese cookies are used to improve the functionality of our site, such as enabling language selection by region. These types of cookies are used subject to your consent depending on their type.\n<br><br>\nCookies we use for performance purposes:\nThese cookies are used to develop and make improvements to our website. These types of cookies are used subject to your consent depending on their type.\n<br><br>\nProfiling or targeting cookies:\nWith these cookies, your transactions are recorded while you visit our website and your behavioral habits are analyzed, thus enabling personalized advertising and marketing activities to be carried out and content specific to you to be highlighted. Such cookies are used subject to your consent.\n<br><br>\nHowever, we use the following cookies according to their lifetime. These:\nPersistent Cookies: These cookies are assigned to your device and used for their validity period.\n<br><br>\nTemporary Cookies or Session Cookies: These types of cookies are assigned specifically for each visit and their useful life is the duration of your visit. These types of cookies are deleted when you close your browser.\n<br><br>\nFinally, we use our own and third-party cookies on our site. We can explain the cookies we use in this regard as follows:\n<br><br>\nFirst Party Cookies: These are cookies placed by our own site and used for purposes related to our own products and services.\n<br><br>\nThird Party Cookies: These are cookies placed by third parties other than our own site, whose purposes and usage methods depend on the third parties.<\/p>\t\t<\/div>\n\n\t\t\t\t\t\t<\/div>\n\t\t\t\t<\/div>\n\t\t\t\t<div class=\"elementor-element elementor-element-d1482ef elementor-widget elementor-widget-hub_fancy_heading\" data-id=\"d1482ef\" data-element_type=\"widget\" id=\"TextHead\" data-widget_type=\"hub_fancy_heading.default\">\n\t\t\t\t<div class=\"elementor-widget-container\">\n\t\t\t\t\t\n\t\t<div id=\"ld-fancy-heading-69f3d83ab6020\" class=\"ld-fancy-heading pos-rel\">\n\t\t\t<h6 class=\"ld-fh-element d-inline-block pos-rel  elementor-heading-title h6\"  > Procedure for Removing Cookies<\/h6>\t\t<\/div>\n\n\t\t\t\t\t\t<\/div>\n\t\t\t\t<\/div>\n\t\t\t\t<div class=\"elementor-element elementor-element-64a9c30 elementor-widget elementor-widget-hub_fancy_heading\" data-id=\"64a9c30\" data-element_type=\"widget\" id=\"TextParagraph\" data-widget_type=\"hub_fancy_heading.default\">\n\t\t\t\t<div class=\"elementor-widget-container\">\n\t\t\t\t\t\n\t\t<div id=\"ld-fancy-heading-69f3d83ab6429\" class=\"ld-fancy-heading pos-rel\">\n\t\t\t<p class=\"ld-fh-element d-inline-block pos-rel  p\"  > Cookies are placed on our system through the browsers you use. Users can delete, block or re-approve any of the cookies used, stored and processed on our company's website, using methods that vary depending on the browsers they use. Depending on the browser you use to visit our site, you can perform the mentioned transactions from the links below.\n<br><br>\nWhen you revoke your consent to cookies, you may not be able to use some functions of our site or you may use them less effectively.\n<br>\nInternet Explorer https:\/\/support.microsoft.com\/en-GB\/kb\/278835\n<br>\nChrome \u2013 https:\/\/support.google.com\/chrome\/answer\/95647?hl=en-GB\n<br>\nFirefox \u2013 https:\/\/support.mozilla.org\/en-GB\/kb\/delete-browsing-search-download-history-firefox\n<br>\nSafari \u2013 https:\/\/support.apple.com\/kb\/PH5042?locale=en-GB\n<br>\nOpera \u2013 http:\/\/www.opera.com\/help\/tutorials\/\n<br><br>\nIf you are using a different browser than those listed above, visit your browser's developer page.\n<br><br>\nYou can use http:\/\/tools.google.com\/dlpage\/gaoptout to turn off Google Analytics cookies in all browsers.\n<br><br>\nLionas Inc. reserves the right to make changes to this cookie notice. We care about your privacy and therefore update our cookie notice as necessary. You can always access the current version by visiting our website.<\/p>\t\t<\/div>\n\n\t\t\t\t\t\t<\/div>\n\t\t\t\t<\/div>\n\t\t\t\t\t<\/div>\n\t\t<\/div>\n\t\t\t\t\t<\/div>\n\t\t<\/section>\n\t\t\t\t<\/div>\n\t\t","protected":false},"excerpt":{"rendered":"<p>Cookie Policy GENERAL Lionas Inc. Various cookies are used on our website https:\/\/www.lionashotel.com\/ belonging to the (\u201cCompany\u201d). This policy is about the cookies we use on our site and has been prepared to explain to you which cookies we use and the purposes of our use during your visit to our site. Cookies are small [&hellip;]<\/p>\n","protected":false},"author":1,"featured_media":0,"parent":0,"menu_order":0,"comment_status":"closed","ping_status":"closed","template":"","meta":{"footnotes":""},"class_list":["post-5515","page","type-page","status-publish","hentry"],"yoast_head":"<!-- This site is optimized with the Yoast SEO Premium plugin v20.1 (Yoast SEO v26.1.1) - https:\/\/yoast.com\/wordpress\/plugins\/seo\/ -->\n<title>Cookie Policy - Lionas Hotel<\/title>\n<meta name=\"robots\" content=\"index, follow, max-snippet:-1, max-image-preview:large, max-video-preview:-1\" \/>\n<link rel=\"canonical\" href=\"https:\/\/lionashotel.com\/en\/cookie-policy\/\" \/>\n<meta property=\"og:locale\" content=\"en_US\" \/>\n<meta property=\"og:type\" content=\"article\" \/>\n<meta property=\"og:title\" content=\"Cookie Policy\" \/>\n<meta property=\"og:description\" content=\"Antalya\u2019n\u0131n merkezinde Tarihi Kalei\u00e7i sokaklar\u0131nda kaybolmaya haz\u0131r m\u0131s\u0131n? Otantik konseptiyle kusursuz bir konaklama keyfi sunan Lionas Hotel sizi bekliyor.\" \/>\n<meta property=\"og:url\" content=\"https:\/\/lionashotel.com\/en\/cookie-policy\/\" \/>\n<meta property=\"og:site_name\" content=\"Lionas Hotel\" \/>\n<meta property=\"article:modified_time\" content=\"2024-05-03T12:39:42+00:00\" \/>\n<meta property=\"og:image\" content=\"https:\/\/lionashotel.com\/wp-content\/uploads\/genel-foto-19.jpg\" \/>\n\t<meta property=\"og:image:width\" content=\"1250\" \/>\n\t<meta property=\"og:image:height\" content=\"833\" \/>\n\t<meta property=\"og:image:type\" content=\"image\/jpeg\" \/>\n<meta name=\"twitter:card\" content=\"summary_large_image\" \/>\n<meta name=\"twitter:label1\" content=\"Est. reading time\" \/>\n\t<meta name=\"twitter:data1\" content=\"3 minutes\" \/>\n<script type=\"application\/ld+json\" class=\"yoast-schema-graph\">{\"@context\":\"https:\/\/schema.org\",\"@graph\":[{\"@type\":\"WebPage\",\"@id\":\"https:\/\/lionashotel.com\/en\/cookie-policy\/\",\"url\":\"https:\/\/lionashotel.com\/en\/cookie-policy\/\",\"name\":\"Cookie Policy - Lionas Hotel\",\"isPartOf\":{\"@id\":\"https:\/\/lionashotel.com\/en\/#website\"},\"datePublished\":\"2024-04-21T08:26:37+00:00\",\"dateModified\":\"2024-05-03T12:39:42+00:00\",\"breadcrumb\":{\"@id\":\"https:\/\/lionashotel.com\/en\/cookie-policy\/#breadcrumb\"},\"inLanguage\":\"en-US\",\"potentialAction\":[{\"@type\":\"ReadAction\",\"target\":[\"https:\/\/lionashotel.com\/en\/cookie-policy\/\"]}]},{\"@type\":\"BreadcrumbList\",\"@id\":\"https:\/\/lionashotel.com\/en\/cookie-policy\/#breadcrumb\",\"itemListElement\":[{\"@type\":\"ListItem\",\"position\":1,\"name\":\"Anasayfa\",\"item\":\"https:\/\/lionashotel.com\/en\/\"},{\"@type\":\"ListItem\",\"position\":2,\"name\":\"Cookie Policy\"}]},{\"@type\":\"WebSite\",\"@id\":\"https:\/\/lionashotel.com\/en\/#website\",\"url\":\"https:\/\/lionashotel.com\/en\/\",\"name\":\"Lionas Hotel\",\"description\":\"\",\"publisher\":{\"@id\":\"https:\/\/lionashotel.com\/en\/#organization\"},\"potentialAction\":[{\"@type\":\"SearchAction\",\"target\":{\"@type\":\"EntryPoint\",\"urlTemplate\":\"https:\/\/lionashotel.com\/en\/?s={search_term_string}\"},\"query-input\":{\"@type\":\"PropertyValueSpecification\",\"valueRequired\":true,\"valueName\":\"search_term_string\"}}],\"inLanguage\":\"en-US\"},{\"@type\":\"Organization\",\"@id\":\"https:\/\/lionashotel.com\/en\/#organization\",\"name\":\"Lionas Hotel\",\"url\":\"https:\/\/lionashotel.com\/en\/\",\"logo\":{\"@type\":\"ImageObject\",\"inLanguage\":\"en-US\",\"@id\":\"https:\/\/lionashotel.com\/en\/#\/schema\/logo\/image\/\",\"url\":\"https:\/\/livaport.com\/demo\/wp-content\/uploads\/lionashotel-logo.png\",\"contentUrl\":\"https:\/\/livaport.com\/demo\/wp-content\/uploads\/lionashotel-logo.png\",\"width\":500,\"height\":397,\"caption\":\"Lionas Hotel\"},\"image\":{\"@id\":\"https:\/\/lionashotel.com\/en\/#\/schema\/logo\/image\/\"}}]}<\/script>\n<!-- \/ Yoast SEO Premium plugin. -->","yoast_head_json":{"title":"Cookie Policy - Lionas Hotel","robots":{"index":"index","follow":"follow","max-snippet":"max-snippet:-1","max-image-preview":"max-image-preview:large","max-video-preview":"max-video-preview:-1"},"canonical":"https:\/\/lionashotel.com\/en\/cookie-policy\/","og_locale":"en_US","og_type":"article","og_title":"Cookie Policy","og_description":"Antalya\u2019n\u0131n merkezinde Tarihi Kalei\u00e7i sokaklar\u0131nda kaybolmaya haz\u0131r m\u0131s\u0131n? Otantik konseptiyle kusursuz bir konaklama keyfi sunan Lionas Hotel sizi bekliyor.","og_url":"https:\/\/lionashotel.com\/en\/cookie-policy\/","og_site_name":"Lionas Hotel","article_modified_time":"2024-05-03T12:39:42+00:00","og_image":[{"width":1250,"height":833,"url":"https:\/\/lionashotel.com\/wp-content\/uploads\/genel-foto-19.jpg","type":"image\/jpeg"}],"twitter_card":"summary_large_image","twitter_misc":{"Est. reading time":"3 minutes"},"schema":{"@context":"https:\/\/schema.org","@graph":[{"@type":"WebPage","@id":"https:\/\/lionashotel.com\/en\/cookie-policy\/","url":"https:\/\/lionashotel.com\/en\/cookie-policy\/","name":"Cookie Policy - Lionas Hotel","isPartOf":{"@id":"https:\/\/lionashotel.com\/en\/#website"},"datePublished":"2024-04-21T08:26:37+00:00","dateModified":"2024-05-03T12:39:42+00:00","breadcrumb":{"@id":"https:\/\/lionashotel.com\/en\/cookie-policy\/#breadcrumb"},"inLanguage":"en-US","potentialAction":[{"@type":"ReadAction","target":["https:\/\/lionashotel.com\/en\/cookie-policy\/"]}]},{"@type":"BreadcrumbList","@id":"https:\/\/lionashotel.com\/en\/cookie-policy\/#breadcrumb","itemListElement":[{"@type":"ListItem","position":1,"name":"Anasayfa","item":"https:\/\/lionashotel.com\/en\/"},{"@type":"ListItem","position":2,"name":"Cookie Policy"}]},{"@type":"WebSite","@id":"https:\/\/lionashotel.com\/en\/#website","url":"https:\/\/lionashotel.com\/en\/","name":"Lionas Hotel","description":"","publisher":{"@id":"https:\/\/lionashotel.com\/en\/#organization"},"potentialAction":[{"@type":"SearchAction","target":{"@type":"EntryPoint","urlTemplate":"https:\/\/lionashotel.com\/en\/?s={search_term_string}"},"query-input":{"@type":"PropertyValueSpecification","valueRequired":true,"valueName":"search_term_string"}}],"inLanguage":"en-US"},{"@type":"Organization","@id":"https:\/\/lionashotel.com\/en\/#organization","name":"Lionas Hotel","url":"https:\/\/lionashotel.com\/en\/","logo":{"@type":"ImageObject","inLanguage":"en-US","@id":"https:\/\/lionashotel.com\/en\/#\/schema\/logo\/image\/","url":"https:\/\/livaport.com\/demo\/wp-content\/uploads\/lionashotel-logo.png","contentUrl":"https:\/\/livaport.com\/demo\/wp-content\/uploads\/lionashotel-logo.png","width":500,"height":397,"caption":"Lionas Hotel"},"image":{"@id":"https:\/\/lionashotel.com\/en\/#\/schema\/logo\/image\/"}}]}},"_links":{"self":[{"href":"https:\/\/lionashotel.com\/en\/wp-json\/wp\/v2\/pages\/5515","targetHints":{"allow":["GET"]}}],"collection":[{"href":"https:\/\/lionashotel.com\/en\/wp-json\/wp\/v2\/pages"}],"about":[{"href":"https:\/\/lionashotel.com\/en\/wp-json\/wp\/v2\/types\/page"}],"author":[{"embeddable":true,"href":"https:\/\/lionashotel.com\/en\/wp-json\/wp\/v2\/users\/1"}],"replies":[{"embeddable":true,"href":"https:\/\/lionashotel.com\/en\/wp-json\/wp\/v2\/comments?post=5515"}],"version-history":[{"count":4,"href":"https:\/\/lionashotel.com\/en\/wp-json\/wp\/v2\/pages\/5515\/revisions"}],"predecessor-version":[{"id":5570,"href":"https:\/\/lionashotel.com\/en\/wp-json\/wp\/v2\/pages\/5515\/revisions\/5570"}],"wp:attachment":[{"href":"https:\/\/lionashotel.com\/en\/wp-json\/wp\/v2\/media?parent=5515"}],"curies":[{"name":"wp","href":"https:\/\/api.w.org\/{rel}","templated":true}]}}