{"id":5518,"date":"2021-05-27T08:22:27","date_gmt":"2021-05-27T05:22:27","guid":{"rendered":"https:\/\/www.lionashotel.com\/hakkimizda\/"},"modified":"2024-05-03T15:57:19","modified_gmt":"2024-05-03T12:57:19","slug":"about-us","status":"publish","type":"page","link":"https:\/\/lionashotel.com\/en\/about-us\/","title":{"rendered":"About Us"},"content":{"rendered":"\t\t<div data-elementor-type=\"wp-page\" data-elementor-id=\"5518\" class=\"elementor elementor-5518 elementor-3638\">\n\t\t\t\t\t\t<section class=\"elementor-section elementor-top-section elementor-element elementor-element-a8cf586 elementor-section-boxed elementor-section-height-default elementor-section-height-default\" data-id=\"a8cf586\" data-element_type=\"section\" id=\"SubPageHero\" data-settings=\"{&quot;background_background&quot;:&quot;classic&quot;}\">\n\t\t\t\t\t\t\t<div class=\"elementor-background-overlay\"><\/div>\n\t\t\t\t\t\t\t<div class=\"elementor-container elementor-column-gap-default\">\n\t\t\t\t\t<div class=\"elementor-column elementor-col-100 elementor-top-column elementor-element elementor-element-3285545\" data-id=\"3285545\" data-element_type=\"column\">\n\t\t\t<div class=\"elementor-widget-wrap elementor-element-populated\">\n\t\t\t\t\t\t<div class=\"elementor-element elementor-element-f30ca28 elementor-widget elementor-widget-hub_fancy_heading\" data-id=\"f30ca28\" data-element_type=\"widget\" data-widget_type=\"hub_fancy_heading.default\">\n\t\t\t\t<div class=\"elementor-widget-container\">\n\t\t\t\t\t\n\t\t<div id=\"ld-fancy-heading-69f3d69e70eda\" class=\"ld-fancy-heading pos-rel\">\n\t\t\t<h1 class=\"ld-fh-element d-inline-block pos-rel  elementor-heading-title h1\"  > About Us<\/h1>\t\t<\/div>\n\n\t\t\t\t\t\t<\/div>\n\t\t\t\t<\/div>\n\t\t\t\t<div class=\"elementor-element elementor-element-0f94e4b elementor-align-center elementor-widget elementor-widget-ld_button\" data-id=\"0f94e4b\" data-element_type=\"widget\" data-widget_type=\"ld_button.default\">\n\t\t\t\t<div class=\"elementor-widget-container\">\n\t\t\t\t\t\n\t\t\t<a\n\t\t\t\tclass=\"elementor-button btn btn-naked btn-icon-right btn-no-label\" data-localscroll=\"1\" data-localscroll-options=\"{&quot;scrollBelowSection&quot;:true}\" href=\"#\"\t\t\t>\n\t\t\t\t\t\t\t\t\t\t\t\t\t\t<span class=\"btn-icon\">\n\t\t\t\t\t\t\t<i aria-hidden=\"true\" class=\"lqd-icn-ess icon-ion-ios-arrow-down\"><\/i>\t\t\t\t\t\t<\/span>\n\t\t\t\t\t\t\t\t\t<\/a>\n\t\t\t\t\t\t\t<\/div>\n\t\t\t\t<\/div>\n\t\t\t\t\t<\/div>\n\t\t<\/div>\n\t\t\t\t\t<\/div>\n\t\t<\/section>\n\t\t\t\t<section class=\"elementor-section elementor-top-section elementor-element elementor-element-ff203d4 elementor-section-boxed elementor-section-height-default elementor-section-height-default\" data-id=\"ff203d4\" data-element_type=\"section\">\n\t\t\t\t\t\t<div class=\"elementor-container elementor-column-gap-default\">\n\t\t\t\t\t<div class=\"elementor-column elementor-col-50 elementor-top-column elementor-element elementor-element-48d5362\" data-id=\"48d5362\" data-element_type=\"column\">\n\t\t\t<div class=\"elementor-widget-wrap elementor-element-populated\">\n\t\t\t\t\t\t<div class=\"elementor-element elementor-element-709604f elementor-widget__width-auto elementor-widget elementor-widget-ld_fancy_image\" data-id=\"709604f\" data-element_type=\"widget\" data-widget_type=\"ld_fancy_image.default\">\n\t\t\t\t<div class=\"elementor-widget-container\">\n\t\t\t\t\t\n\t\t<div class=\"lqd-imggrp-single d-block pos-rel \" data-shadow-style=\"4\">\n\t\t\t<div class=\"lqd-imggrp-img-container d-inline-flex pos-rel align-items-center justify-content-center \">\n\t\t\t\t\t\t\t\t<figure class=\"w-100 pos-rel\">\n\t\t\t\t\t<img fetchpriority=\"high\" decoding=\"async\" width=\"1180\" height=\"1080\" src=\"https:\/\/lionashotel.com\/wp-content\/uploads\/antalya-lionas-hotel.png\" class=\"attachment-full size-full wp-image-4948\" alt=\"\" srcset=\"https:\/\/lionashotel.com\/wp-content\/uploads\/antalya-lionas-hotel.png 1180w, https:\/\/lionashotel.com\/wp-content\/uploads\/antalya-lionas-hotel-300x275.png 300w, https:\/\/lionashotel.com\/wp-content\/uploads\/antalya-lionas-hotel-1024x937.png 1024w\" sizes=\"(max-width: 1180px) 100vw, 1180px\" itemprop=\"image\" \/>\t\t\t\t\t\t\t\t\t\t\t\t\t\t\t\t\t\t\t\t\t\t\t\t\t\t\t\t\t<\/figure>\n\t\t\t<\/div>\n\t\t<\/div>\n\n\t\t\t\t\t<\/div>\n\t\t\t\t<\/div>\n\t\t\t\t<div class=\"elementor-element elementor-element-6b96a2e elementor-widget__width-auto elementor-absolute elementor-widget elementor-widget-ld_fancy_image\" data-id=\"6b96a2e\" data-element_type=\"widget\" data-settings=\"{&quot;_position&quot;:&quot;absolute&quot;}\" data-widget_type=\"ld_fancy_image.default\">\n\t\t\t\t<div class=\"elementor-widget-container\">\n\t\t\t\t\t\n\t\t<div class=\"lqd-imggrp-single d-block pos-rel \" data-shadow-style=\"4\">\n\t\t\t<div class=\"lqd-imggrp-img-container d-inline-flex pos-rel align-items-center justify-content-center \">\n\t\t\t\t\t\t\t\t<figure class=\"w-100 pos-rel\">\n\t\t\t\t\t<img decoding=\"async\" width=\"1180\" height=\"1080\" src=\"data:image\/svg+xml;charset=utf-8,%3Csvg xmlns%3D&#039;http%3A%2F%2Fwww.w3.org%2F2000%2Fsvg&#039; viewBox%3D&#039;0 0 1180 1080&#039;%2F%3E\" class=\"attachment-full size-full wp-image-4950 ld-lazyload\" alt=\"\" itemprop=\"image\" data-src=\"https:\/\/lionashotel.com\/wp-content\/uploads\/lionas-hotel-antalya-lobby.png\" data-srcset=\"https:\/\/lionashotel.com\/wp-content\/uploads\/lionas-hotel-antalya-lobby.png 1180w, https:\/\/lionashotel.com\/wp-content\/uploads\/lionas-hotel-antalya-lobby-300x275.png 300w, https:\/\/lionashotel.com\/wp-content\/uploads\/lionas-hotel-antalya-lobby-1024x937.png 1024w\" data-sizes=\"(max-width: 1180px) 100vw, 1180px\" data-aspect=\"1.0925925925926\" \/>\t\t\t\t\t\t\t\t\t\t\t\t\t\t\t\t\t\t\t\t\t\t\t\t\t\t\t\t\t<\/figure>\n\t\t\t<\/div>\n\t\t<\/div>\n\n\t\t\t\t\t<\/div>\n\t\t\t\t<\/div>\n\t\t\t\t\t<\/div>\n\t\t<\/div>\n\t\t\t\t<div class=\"elementor-column elementor-col-50 elementor-top-column elementor-element elementor-element-ef0aaa1\" data-id=\"ef0aaa1\" data-element_type=\"column\">\n\t\t\t<div class=\"elementor-widget-wrap elementor-element-populated\">\n\t\t\t\t\t\t<div class=\"elementor-element elementor-element-a4536a6 elementor-widget elementor-widget-hub_fancy_heading\" data-id=\"a4536a6\" data-element_type=\"widget\" id=\"TextHead\" data-widget_type=\"hub_fancy_heading.default\">\n\t\t\t\t<div class=\"elementor-widget-container\">\n\t\t\t\t\t\n\t\t<div id=\"ld-fancy-heading-69f3d69e82362\" class=\"ld-fancy-heading pos-rel\">\n\t\t\t<h2 class=\"ld-fh-element d-inline-block pos-rel  elementor-heading-title h2\"  > Get Ready for the Permanent Journey of History!<\/h2>\t\t<\/div>\n\n\t\t\t\t\t\t<\/div>\n\t\t\t\t<\/div>\n\t\t\t\t<div class=\"elementor-element elementor-element-023475b elementor-widget elementor-widget-hub_fancy_heading\" data-id=\"023475b\" data-element_type=\"widget\" id=\"TextParagraph\" data-widget_type=\"hub_fancy_heading.default\">\n\t\t\t\t<div class=\"elementor-widget-container\">\n\t\t\t\t\t\n\t\t<div id=\"ld-fancy-heading-69f3d69e8279b\" class=\"ld-fancy-heading pos-rel\">\n\t\t\t<p class=\"ld-fh-element d-inline-block pos-rel  p\"  > Lionas Hotel Kalei\u00e7i offers you comfort, quality and a wonderful holiday. Lionas Hotel, home to the ethnic culture and deep-rooted history of Antalya Kalei\u00e7i, allows you to have an unforgettable holiday experience. <b>Antalya Kalei\u00e7i hotel<\/b> Lionas offers a perfect option for your dream holiday by combining quality, comfort, natural beauty and culture in its facilities.<\/p>\t\t<\/div>\n\n\t\t\t\t\t\t<\/div>\n\t\t\t\t<\/div>\n\t\t\t\t<div class=\"elementor-element elementor-element-5b0d68a elementor-widget elementor-widget-hub_fancy_heading\" data-id=\"5b0d68a\" data-element_type=\"widget\" id=\"TextParagraph\" data-widget_type=\"hub_fancy_heading.default\">\n\t\t\t\t<div class=\"elementor-widget-container\">\n\t\t\t\t\t\n\t\t<div id=\"ld-fancy-heading-69f3d69e82bce\" class=\"ld-fancy-heading pos-rel\">\n\t\t\t<p class=\"ld-fh-element d-inline-block pos-rel  p\"  > Antalya Kalei\u00e7i has a deep-rooted history with a rich history. You can find traces of many cultures and civilizations here and witness the past during your holiday. Antalya Kalei\u00e7i, which has been under the influence of many civilizations from the Romans to the Seljuks, from the Arabs to the Persians, is still an important tourism center with its thousands of years of history.<\/p>\t\t<\/div>\n\n\t\t\t\t\t\t<\/div>\n\t\t\t\t<\/div>\n\t\t\t\t<div class=\"elementor-element elementor-element-3fa3c8e elementor-widget elementor-widget-hub_fancy_heading\" data-id=\"3fa3c8e\" data-element_type=\"widget\" id=\"TextParagraph\" data-widget_type=\"hub_fancy_heading.default\">\n\t\t\t\t<div class=\"elementor-widget-container\">\n\t\t\t\t\t\n\t\t<div id=\"ld-fancy-heading-69f3d69e82fca\" class=\"ld-fancy-heading pos-rel\">\n\t\t\t<p class=\"ld-fh-element d-inline-block pos-rel  p\"  > Lionas Hotel is a unique building with 19th century Ottoman architecture that reflects the historical atmosphere of Antalya Kalei\u00e7i. It offers its guests a unique accommodation experience by combining its historical texture with today's modern comfort. Lionas Hotel, which has been restored and offers service with 11 different rooms, offers a luxurious and magnificent accommodation experience. <b>Lionas Hotel<\/b> invites you to its historical and fairytale world. You can experience unforgettable moments in the unique atmosphere of Lionas Hotel for your dream holiday.<\/p>\t\t<\/div>\n\n\t\t\t\t\t\t<\/div>\n\t\t\t\t<\/div>\n\t\t\t\t\t<\/div>\n\t\t<\/div>\n\t\t\t\t\t<\/div>\n\t\t<\/section>\n\t\t\t\t<section class=\"elementor-section elementor-top-section elementor-element elementor-element-e74ae1d elementor-section-boxed elementor-section-height-default elementor-section-height-default\" data-id=\"e74ae1d\" data-element_type=\"section\">\n\t\t\t\t\t\t<div class=\"elementor-container elementor-column-gap-default\">\n\t\t\t\t\t<div class=\"elementor-column elementor-col-50 elementor-top-column elementor-element elementor-element-e1e4c5c\" data-id=\"e1e4c5c\" data-element_type=\"column\">\n\t\t\t<div class=\"elementor-widget-wrap elementor-element-populated\">\n\t\t\t\t\t\t<div class=\"elementor-element elementor-element-f77d828 elementor-widget elementor-widget-hub_fancy_heading\" data-id=\"f77d828\" data-element_type=\"widget\" data-widget_type=\"hub_fancy_heading.default\">\n\t\t\t\t<div class=\"elementor-widget-container\">\n\t\t\t\t\t\n\t\t<div id=\"ld-fancy-heading-69f3d69e833f0\" class=\"ld-fancy-heading pos-rel\">\n\t\t\t<h2 class=\"ld-fh-element d-inline-block pos-rel  elementor-heading-title h2\"  > A Unique City Where<br>History and Nature Meet<\/h2>\t\t<\/div>\n\n\t\t\t\t\t\t<\/div>\n\t\t\t\t<\/div>\n\t\t\t\t<div class=\"elementor-element elementor-element-6bc672f elementor-widget elementor-widget-hub_fancy_heading\" data-id=\"6bc672f\" data-element_type=\"widget\" id=\"TextParagraph\" data-widget_type=\"hub_fancy_heading.default\">\n\t\t\t\t<div class=\"elementor-widget-container\">\n\t\t\t\t\t\n\t\t<div id=\"ld-fancy-heading-69f3d69e83815\" class=\"ld-fancy-heading pos-rel\">\n\t\t\t<p class=\"ld-fh-element d-inline-block pos-rel  p\"  > <b>Antalya<\/b> is a city located on the Mediterranean coast in southwestern Turkey. Antalya is a very rich city in terms of tourism and is known for its blue flag beaches, historical and cultural heritage, natural beauties and sunny climate throughout the year. The city is located at the junction of the mystical Taurus Mountains and the Mediterranean Sea.<\/p>\t\t<\/div>\n\n\t\t\t\t\t\t<\/div>\n\t\t\t\t<\/div>\n\t\t\t\t<div class=\"elementor-element elementor-element-3a7d4d4 elementor-widget elementor-widget-hub_fancy_heading\" data-id=\"3a7d4d4\" data-element_type=\"widget\" id=\"TextParagraph\" data-widget_type=\"hub_fancy_heading.default\">\n\t\t\t\t<div class=\"elementor-widget-container\">\n\t\t\t\t\t\n\t\t<div id=\"ld-fancy-heading-69f3d69e83c1f\" class=\"ld-fancy-heading pos-rel\">\n\t\t\t<p class=\"ld-fh-element d-inline-block pos-rel  p\"  > One of the most famous areas of Antalya is Kalei\u00e7i. <b>Kalei\u00e7i<\/b> is a historical peninsula and the old city center of Antalya. Kalei\u00e7i, with its narrow streets, stone houses, historical buildings and port, reflects a history of thousands of years. Among the historical buildings here are important works such as Hadrian's Gate, Yivli Minaret, Kesik Minaret and Clock Tower.<\/p>\t\t<\/div>\n\n\t\t\t\t\t\t<\/div>\n\t\t\t\t<\/div>\n\t\t\t\t<div class=\"elementor-element elementor-element-6ed66a7 elementor-widget elementor-widget-hub_fancy_heading\" data-id=\"6ed66a7\" data-element_type=\"widget\" id=\"TextParagraph\" data-widget_type=\"hub_fancy_heading.default\">\n\t\t\t\t<div class=\"elementor-widget-container\">\n\t\t\t\t\t\n\t\t<div id=\"ld-fancy-heading-69f3d69e8401e\" class=\"ld-fancy-heading pos-rel\">\n\t\t\t<p class=\"ld-fh-element d-inline-block pos-rel  p\"  > Antalya hosts millions of local and foreign tourists throughout the year with its warm climate, clean beaches, delicious cuisine and various tourist activities. The city offers many places waiting to be discovered for tourists with its historical and natural beauties.<\/p>\t\t<\/div>\n\n\t\t\t\t\t\t<\/div>\n\t\t\t\t<\/div>\n\t\t\t\t\t<\/div>\n\t\t<\/div>\n\t\t\t\t<div class=\"elementor-column elementor-col-50 elementor-top-column elementor-element elementor-element-2674add\" data-id=\"2674add\" data-element_type=\"column\">\n\t\t\t<div class=\"elementor-widget-wrap elementor-element-populated\">\n\t\t\t\t\t\t<div class=\"elementor-element elementor-element-53e81b2 elementor-widget__width-auto elementor-widget elementor-widget-ld_fancy_image\" data-id=\"53e81b2\" data-element_type=\"widget\" data-widget_type=\"ld_fancy_image.default\">\n\t\t\t\t<div class=\"elementor-widget-container\">\n\t\t\t\t\t\n\t\t<div class=\"lqd-imggrp-single d-block pos-rel \" data-shadow-style=\"4\">\n\t\t\t<div class=\"lqd-imggrp-img-container d-inline-flex pos-rel align-items-center justify-content-center \">\n\t\t\t\t\t\t\t\t<figure class=\"w-100 pos-rel\">\n\t\t\t\t\t<img decoding=\"async\" width=\"1180\" height=\"1080\" src=\"data:image\/svg+xml;charset=utf-8,%3Csvg xmlns%3D&#039;http%3A%2F%2Fwww.w3.org%2F2000%2Fsvg&#039; viewBox%3D&#039;0 0 1180 1080&#039;%2F%3E\" class=\"attachment-full size-full wp-image-4949 ld-lazyload\" alt=\"\" itemprop=\"image\" data-src=\"https:\/\/lionashotel.com\/wp-content\/uploads\/antalya-selekler-photos.png\" data-srcset=\"https:\/\/lionashotel.com\/wp-content\/uploads\/antalya-selekler-photos.png 1180w, https:\/\/lionashotel.com\/wp-content\/uploads\/antalya-selekler-photos-300x275.png 300w, https:\/\/lionashotel.com\/wp-content\/uploads\/antalya-selekler-photos-1024x937.png 1024w\" data-sizes=\"(max-width: 1180px) 100vw, 1180px\" data-aspect=\"1.0925925925926\" \/>\t\t\t\t\t\t\t\t\t\t\t\t\t\t\t\t\t\t\t\t\t\t\t\t\t\t\t\t\t<\/figure>\n\t\t\t<\/div>\n\t\t<\/div>\n\n\t\t\t\t\t<\/div>\n\t\t\t\t<\/div>\n\t\t\t\t<div class=\"elementor-element elementor-element-52a8904 elementor-widget__width-auto elementor-absolute elementor-widget elementor-widget-ld_fancy_image\" data-id=\"52a8904\" data-element_type=\"widget\" data-settings=\"{&quot;_position&quot;:&quot;absolute&quot;}\" data-widget_type=\"ld_fancy_image.default\">\n\t\t\t\t<div class=\"elementor-widget-container\">\n\t\t\t\t\t\n\t\t<div class=\"lqd-imggrp-single d-block pos-rel \" data-shadow-style=\"4\">\n\t\t\t<div class=\"lqd-imggrp-img-container d-inline-flex pos-rel align-items-center justify-content-center \">\n\t\t\t\t\t\t\t\t<figure class=\"w-100 pos-rel\">\n\t\t\t\t\t<img loading=\"lazy\" decoding=\"async\" width=\"1180\" height=\"1080\" src=\"data:image\/svg+xml;charset=utf-8,%3Csvg xmlns%3D&#039;http%3A%2F%2Fwww.w3.org%2F2000%2Fsvg&#039; viewBox%3D&#039;0 0 1180 1080&#039;%2F%3E\" class=\"attachment-full size-full wp-image-4947 ld-lazyload\" alt=\"\" itemprop=\"image\" data-src=\"https:\/\/lionashotel.com\/wp-content\/uploads\/antalya-kale-photos.png\" data-srcset=\"https:\/\/lionashotel.com\/wp-content\/uploads\/antalya-kale-photos.png 1180w, https:\/\/lionashotel.com\/wp-content\/uploads\/antalya-kale-photos-300x275.png 300w, https:\/\/lionashotel.com\/wp-content\/uploads\/antalya-kale-photos-1024x937.png 1024w\" data-sizes=\"(max-width: 1180px) 100vw, 1180px\" data-aspect=\"1.0925925925926\" \/>\t\t\t\t\t\t\t\t\t\t\t\t\t\t\t\t\t\t\t\t\t\t\t\t\t\t\t\t\t<\/figure>\n\t\t\t<\/div>\n\t\t<\/div>\n\n\t\t\t\t\t<\/div>\n\t\t\t\t<\/div>\n\t\t\t\t\t<\/div>\n\t\t<\/div>\n\t\t\t\t\t<\/div>\n\t\t<\/section>\n\t\t\t\t<\/div>\n\t\t","protected":false},"excerpt":{"rendered":"<p>About Us Get Ready for the Permanent Journey of History! Lionas Hotel Kalei\u00e7i offers you comfort, quality and a wonderful holiday. Lionas Hotel, home to the ethnic culture and deep-rooted history of Antalya Kalei\u00e7i, allows you to have an unforgettable holiday experience. Antalya Kalei\u00e7i hotel Lionas offers a perfect option for your dream holiday by [&hellip;]<\/p>\n","protected":false},"author":1,"featured_media":0,"parent":0,"menu_order":0,"comment_status":"closed","ping_status":"closed","template":"","meta":{"footnotes":""},"class_list":["post-5518","page","type-page","status-publish","hentry"],"yoast_head":"<!-- This site is optimized with the Yoast SEO Premium plugin v20.1 (Yoast SEO v26.1.1) - https:\/\/yoast.com\/wordpress\/plugins\/seo\/ -->\n<title>About Us - Lionas Hotel<\/title>\n<meta name=\"description\" content=\"Antalya&#039;n\u0131n tarihi Kalei\u00e7i&#039;nde keyifli bir konaklama i\u00e7in Lionas Hotel&#039;e bekleriz! Hemen rezervasyon yap\u0131n ve unutulmaz an\u0131lar biriktirin!\" \/>\n<meta name=\"robots\" content=\"index, follow, max-snippet:-1, max-image-preview:large, max-video-preview:-1\" \/>\n<link rel=\"canonical\" href=\"https:\/\/lionashotel.com\/en\/about-us\/\" \/>\n<meta property=\"og:locale\" content=\"en_US\" \/>\n<meta property=\"og:type\" content=\"article\" \/>\n<meta property=\"og:title\" content=\"About Us\" \/>\n<meta property=\"og:description\" content=\"Antalya\u2019n\u0131n merkezinde Tarihi Kalei\u00e7i sokaklar\u0131nda kaybolmaya haz\u0131r m\u0131s\u0131n? Otantik konseptiyle kusursuz bir konaklama keyfi sunan Lionas Hotel sizi bekliyor.\" \/>\n<meta property=\"og:url\" content=\"https:\/\/lionashotel.com\/en\/about-us\/\" \/>\n<meta property=\"og:site_name\" content=\"Lionas Hotel\" \/>\n<meta property=\"article:modified_time\" content=\"2024-05-03T12:57:19+00:00\" \/>\n<meta property=\"og:image\" content=\"https:\/\/www.lionashotel.com\/wp-content\/uploads\/antalya-lionas-hotel.png\" \/>\n<meta name=\"twitter:card\" content=\"summary_large_image\" \/>\n<meta name=\"twitter:label1\" content=\"Est. reading time\" \/>\n\t<meta name=\"twitter:data1\" content=\"3 minutes\" \/>\n<script type=\"application\/ld+json\" class=\"yoast-schema-graph\">{\"@context\":\"https:\/\/schema.org\",\"@graph\":[{\"@type\":\"WebPage\",\"@id\":\"https:\/\/lionashotel.com\/en\/about-us\/\",\"url\":\"https:\/\/lionashotel.com\/en\/about-us\/\",\"name\":\"About Us - Lionas Hotel\",\"isPartOf\":{\"@id\":\"https:\/\/lionashotel.com\/en\/#website\"},\"primaryImageOfPage\":{\"@id\":\"https:\/\/lionashotel.com\/en\/about-us\/#primaryimage\"},\"image\":{\"@id\":\"https:\/\/lionashotel.com\/en\/about-us\/#primaryimage\"},\"thumbnailUrl\":\"https:\/\/www.lionashotel.com\/wp-content\/uploads\/antalya-lionas-hotel.png\",\"datePublished\":\"2021-05-27T05:22:27+00:00\",\"dateModified\":\"2024-05-03T12:57:19+00:00\",\"description\":\"Antalya'n\u0131n tarihi Kalei\u00e7i'nde keyifli bir konaklama i\u00e7in Lionas Hotel'e bekleriz! Hemen rezervasyon yap\u0131n ve unutulmaz an\u0131lar biriktirin!\",\"breadcrumb\":{\"@id\":\"https:\/\/lionashotel.com\/en\/about-us\/#breadcrumb\"},\"inLanguage\":\"en-US\",\"potentialAction\":[{\"@type\":\"ReadAction\",\"target\":[\"https:\/\/lionashotel.com\/en\/about-us\/\"]}]},{\"@type\":\"ImageObject\",\"inLanguage\":\"en-US\",\"@id\":\"https:\/\/lionashotel.com\/en\/about-us\/#primaryimage\",\"url\":\"https:\/\/www.lionashotel.com\/wp-content\/uploads\/antalya-lionas-hotel.png\",\"contentUrl\":\"https:\/\/www.lionashotel.com\/wp-content\/uploads\/antalya-lionas-hotel.png\"},{\"@type\":\"BreadcrumbList\",\"@id\":\"https:\/\/lionashotel.com\/en\/about-us\/#breadcrumb\",\"itemListElement\":[{\"@type\":\"ListItem\",\"position\":1,\"name\":\"Anasayfa\",\"item\":\"https:\/\/lionashotel.com\/en\/\"},{\"@type\":\"ListItem\",\"position\":2,\"name\":\"About Us\"}]},{\"@type\":\"WebSite\",\"@id\":\"https:\/\/lionashotel.com\/en\/#website\",\"url\":\"https:\/\/lionashotel.com\/en\/\",\"name\":\"Lionas Hotel\",\"description\":\"\",\"publisher\":{\"@id\":\"https:\/\/lionashotel.com\/en\/#organization\"},\"potentialAction\":[{\"@type\":\"SearchAction\",\"target\":{\"@type\":\"EntryPoint\",\"urlTemplate\":\"https:\/\/lionashotel.com\/en\/?s={search_term_string}\"},\"query-input\":{\"@type\":\"PropertyValueSpecification\",\"valueRequired\":true,\"valueName\":\"search_term_string\"}}],\"inLanguage\":\"en-US\"},{\"@type\":\"Organization\",\"@id\":\"https:\/\/lionashotel.com\/en\/#organization\",\"name\":\"Lionas Hotel\",\"url\":\"https:\/\/lionashotel.com\/en\/\",\"logo\":{\"@type\":\"ImageObject\",\"inLanguage\":\"en-US\",\"@id\":\"https:\/\/lionashotel.com\/en\/#\/schema\/logo\/image\/\",\"url\":\"https:\/\/livaport.com\/demo\/wp-content\/uploads\/lionashotel-logo.png\",\"contentUrl\":\"https:\/\/livaport.com\/demo\/wp-content\/uploads\/lionashotel-logo.png\",\"width\":500,\"height\":397,\"caption\":\"Lionas Hotel\"},\"image\":{\"@id\":\"https:\/\/lionashotel.com\/en\/#\/schema\/logo\/image\/\"}}]}<\/script>\n<!-- \/ Yoast SEO Premium plugin. -->","yoast_head_json":{"title":"About Us - Lionas Hotel","description":"Antalya'n\u0131n tarihi Kalei\u00e7i'nde keyifli bir konaklama i\u00e7in Lionas Hotel'e bekleriz! Hemen rezervasyon yap\u0131n ve unutulmaz an\u0131lar biriktirin!","robots":{"index":"index","follow":"follow","max-snippet":"max-snippet:-1","max-image-preview":"max-image-preview:large","max-video-preview":"max-video-preview:-1"},"canonical":"https:\/\/lionashotel.com\/en\/about-us\/","og_locale":"en_US","og_type":"article","og_title":"About Us","og_description":"Antalya\u2019n\u0131n merkezinde Tarihi Kalei\u00e7i sokaklar\u0131nda kaybolmaya haz\u0131r m\u0131s\u0131n? Otantik konseptiyle kusursuz bir konaklama keyfi sunan Lionas Hotel sizi bekliyor.","og_url":"https:\/\/lionashotel.com\/en\/about-us\/","og_site_name":"Lionas Hotel","article_modified_time":"2024-05-03T12:57:19+00:00","og_image":[{"url":"https:\/\/www.lionashotel.com\/wp-content\/uploads\/antalya-lionas-hotel.png","type":"","width":"","height":""}],"twitter_card":"summary_large_image","twitter_misc":{"Est. reading time":"3 minutes"},"schema":{"@context":"https:\/\/schema.org","@graph":[{"@type":"WebPage","@id":"https:\/\/lionashotel.com\/en\/about-us\/","url":"https:\/\/lionashotel.com\/en\/about-us\/","name":"About Us - Lionas Hotel","isPartOf":{"@id":"https:\/\/lionashotel.com\/en\/#website"},"primaryImageOfPage":{"@id":"https:\/\/lionashotel.com\/en\/about-us\/#primaryimage"},"image":{"@id":"https:\/\/lionashotel.com\/en\/about-us\/#primaryimage"},"thumbnailUrl":"https:\/\/www.lionashotel.com\/wp-content\/uploads\/antalya-lionas-hotel.png","datePublished":"2021-05-27T05:22:27+00:00","dateModified":"2024-05-03T12:57:19+00:00","description":"Antalya'n\u0131n tarihi Kalei\u00e7i'nde keyifli bir konaklama i\u00e7in Lionas Hotel'e bekleriz! Hemen rezervasyon yap\u0131n ve unutulmaz an\u0131lar biriktirin!","breadcrumb":{"@id":"https:\/\/lionashotel.com\/en\/about-us\/#breadcrumb"},"inLanguage":"en-US","potentialAction":[{"@type":"ReadAction","target":["https:\/\/lionashotel.com\/en\/about-us\/"]}]},{"@type":"ImageObject","inLanguage":"en-US","@id":"https:\/\/lionashotel.com\/en\/about-us\/#primaryimage","url":"https:\/\/www.lionashotel.com\/wp-content\/uploads\/antalya-lionas-hotel.png","contentUrl":"https:\/\/www.lionashotel.com\/wp-content\/uploads\/antalya-lionas-hotel.png"},{"@type":"BreadcrumbList","@id":"https:\/\/lionashotel.com\/en\/about-us\/#breadcrumb","itemListElement":[{"@type":"ListItem","position":1,"name":"Anasayfa","item":"https:\/\/lionashotel.com\/en\/"},{"@type":"ListItem","position":2,"name":"About Us"}]},{"@type":"WebSite","@id":"https:\/\/lionashotel.com\/en\/#website","url":"https:\/\/lionashotel.com\/en\/","name":"Lionas Hotel","description":"","publisher":{"@id":"https:\/\/lionashotel.com\/en\/#organization"},"potentialAction":[{"@type":"SearchAction","target":{"@type":"EntryPoint","urlTemplate":"https:\/\/lionashotel.com\/en\/?s={search_term_string}"},"query-input":{"@type":"PropertyValueSpecification","valueRequired":true,"valueName":"search_term_string"}}],"inLanguage":"en-US"},{"@type":"Organization","@id":"https:\/\/lionashotel.com\/en\/#organization","name":"Lionas Hotel","url":"https:\/\/lionashotel.com\/en\/","logo":{"@type":"ImageObject","inLanguage":"en-US","@id":"https:\/\/lionashotel.com\/en\/#\/schema\/logo\/image\/","url":"https:\/\/livaport.com\/demo\/wp-content\/uploads\/lionashotel-logo.png","contentUrl":"https:\/\/livaport.com\/demo\/wp-content\/uploads\/lionashotel-logo.png","width":500,"height":397,"caption":"Lionas Hotel"},"image":{"@id":"https:\/\/lionashotel.com\/en\/#\/schema\/logo\/image\/"}}]}},"_links":{"self":[{"href":"https:\/\/lionashotel.com\/en\/wp-json\/wp\/v2\/pages\/5518","targetHints":{"allow":["GET"]}}],"collection":[{"href":"https:\/\/lionashotel.com\/en\/wp-json\/wp\/v2\/pages"}],"about":[{"href":"https:\/\/lionashotel.com\/en\/wp-json\/wp\/v2\/types\/page"}],"author":[{"embeddable":true,"href":"https:\/\/lionashotel.com\/en\/wp-json\/wp\/v2\/users\/1"}],"replies":[{"embeddable":true,"href":"https:\/\/lionashotel.com\/en\/wp-json\/wp\/v2\/comments?post=5518"}],"version-history":[{"count":4,"href":"https:\/\/lionashotel.com\/en\/wp-json\/wp\/v2\/pages\/5518\/revisions"}],"predecessor-version":[{"id":5615,"href":"https:\/\/lionashotel.com\/en\/wp-json\/wp\/v2\/pages\/5518\/revisions\/5615"}],"wp:attachment":[{"href":"https:\/\/lionashotel.com\/en\/wp-json\/wp\/v2\/media?parent=5518"}],"curies":[{"name":"wp","href":"https:\/\/api.w.org\/{rel}","templated":true}]}}