{"id":3638,"date":"2021-05-27T08:22:27","date_gmt":"2021-05-27T08:22:27","guid":{"rendered":"https:\/\/staging.liquid-themes.com\/lawyer\/?page_id=3638"},"modified":"2024-04-28T23:08:06","modified_gmt":"2024-04-28T20:08:06","slug":"hakkimizda","status":"publish","type":"page","link":"https:\/\/lionashotel.com\/tr\/hakkimizda\/","title":{"rendered":"Hakk\u0131m\u0131zda"},"content":{"rendered":"\t\t<div data-elementor-type=\"wp-page\" data-elementor-id=\"3638\" class=\"elementor elementor-3638\">\n\t\t\t\t\t\t<section class=\"elementor-section elementor-top-section elementor-element elementor-element-a8cf586 elementor-section-boxed elementor-section-height-default elementor-section-height-default\" data-id=\"a8cf586\" data-element_type=\"section\" id=\"SubPageHero\" data-settings=\"{&quot;background_background&quot;:&quot;classic&quot;}\">\n\t\t\t\t\t\t\t<div class=\"elementor-background-overlay\"><\/div>\n\t\t\t\t\t\t\t<div class=\"elementor-container elementor-column-gap-default\">\n\t\t\t\t\t<div class=\"elementor-column elementor-col-100 elementor-top-column elementor-element elementor-element-3285545\" data-id=\"3285545\" data-element_type=\"column\">\n\t\t\t<div class=\"elementor-widget-wrap elementor-element-populated\">\n\t\t\t\t\t\t<div class=\"elementor-element elementor-element-f30ca28 elementor-widget elementor-widget-hub_fancy_heading\" data-id=\"f30ca28\" data-element_type=\"widget\" data-widget_type=\"hub_fancy_heading.default\">\n\t\t\t\t<div class=\"elementor-widget-container\">\n\t\t\t\t\t\n\t\t<div id=\"ld-fancy-heading-69e0ec5f5160d\" class=\"ld-fancy-heading pos-rel\">\n\t\t\t<h1 class=\"ld-fh-element d-inline-block pos-rel  elementor-heading-title h1\"  > Hakk\u0131m\u0131zda<\/h1>\t\t<\/div>\n\n\t\t\t\t\t\t<\/div>\n\t\t\t\t<\/div>\n\t\t\t\t<div class=\"elementor-element elementor-element-0f94e4b elementor-align-center elementor-widget elementor-widget-ld_button\" data-id=\"0f94e4b\" data-element_type=\"widget\" data-widget_type=\"ld_button.default\">\n\t\t\t\t<div class=\"elementor-widget-container\">\n\t\t\t\t\t\n\t\t\t<a\n\t\t\t\tclass=\"elementor-button btn btn-naked btn-icon-right btn-no-label\" data-localscroll=\"1\" data-localscroll-options=\"{&quot;scrollBelowSection&quot;:true}\" href=\"#\"\t\t\t>\n\t\t\t\t\t\t\t\t\t\t\t\t\t\t<span class=\"btn-icon\">\n\t\t\t\t\t\t\t<i aria-hidden=\"true\" class=\"lqd-icn-ess icon-ion-ios-arrow-down\"><\/i>\t\t\t\t\t\t<\/span>\n\t\t\t\t\t\t\t\t\t<\/a>\n\t\t\t\t\t\t\t<\/div>\n\t\t\t\t<\/div>\n\t\t\t\t\t<\/div>\n\t\t<\/div>\n\t\t\t\t\t<\/div>\n\t\t<\/section>\n\t\t\t\t<section class=\"elementor-section elementor-top-section elementor-element elementor-element-ff203d4 elementor-section-boxed elementor-section-height-default elementor-section-height-default\" data-id=\"ff203d4\" data-element_type=\"section\">\n\t\t\t\t\t\t<div class=\"elementor-container elementor-column-gap-default\">\n\t\t\t\t\t<div class=\"elementor-column elementor-col-50 elementor-top-column elementor-element elementor-element-48d5362\" data-id=\"48d5362\" data-element_type=\"column\">\n\t\t\t<div class=\"elementor-widget-wrap elementor-element-populated\">\n\t\t\t\t\t\t<div class=\"elementor-element elementor-element-709604f elementor-widget__width-auto elementor-widget elementor-widget-ld_fancy_image\" data-id=\"709604f\" data-element_type=\"widget\" data-widget_type=\"ld_fancy_image.default\">\n\t\t\t\t<div class=\"elementor-widget-container\">\n\t\t\t\t\t\n\t\t<div class=\"lqd-imggrp-single d-block pos-rel \" data-shadow-style=\"4\">\n\t\t\t<div class=\"lqd-imggrp-img-container d-inline-flex pos-rel align-items-center justify-content-center \">\n\t\t\t\t\t\t\t\t<figure class=\"w-100 pos-rel\">\n\t\t\t\t\t<img fetchpriority=\"high\" decoding=\"async\" width=\"1180\" height=\"1080\" src=\"https:\/\/lionashotel.com\/wp-content\/uploads\/antalya-lionas-hotel.png\" class=\"attachment-full size-full wp-image-4948\" alt=\"\" srcset=\"https:\/\/lionashotel.com\/wp-content\/uploads\/antalya-lionas-hotel.png 1180w, https:\/\/lionashotel.com\/wp-content\/uploads\/antalya-lionas-hotel-300x275.png 300w, https:\/\/lionashotel.com\/wp-content\/uploads\/antalya-lionas-hotel-1024x937.png 1024w\" sizes=\"(max-width: 1180px) 100vw, 1180px\" itemprop=\"image\" \/>\t\t\t\t\t\t\t\t\t\t\t\t\t\t\t\t\t\t\t\t\t\t\t\t\t\t\t\t\t<\/figure>\n\t\t\t<\/div>\n\t\t<\/div>\n\n\t\t\t\t\t<\/div>\n\t\t\t\t<\/div>\n\t\t\t\t<div class=\"elementor-element elementor-element-6b96a2e elementor-widget__width-auto elementor-absolute elementor-widget elementor-widget-ld_fancy_image\" data-id=\"6b96a2e\" data-element_type=\"widget\" data-settings=\"{&quot;_position&quot;:&quot;absolute&quot;}\" data-widget_type=\"ld_fancy_image.default\">\n\t\t\t\t<div class=\"elementor-widget-container\">\n\t\t\t\t\t\n\t\t<div class=\"lqd-imggrp-single d-block pos-rel \" data-shadow-style=\"4\">\n\t\t\t<div class=\"lqd-imggrp-img-container d-inline-flex pos-rel align-items-center justify-content-center \">\n\t\t\t\t\t\t\t\t<figure class=\"w-100 pos-rel\">\n\t\t\t\t\t<img decoding=\"async\" width=\"1180\" height=\"1080\" src=\"data:image\/svg+xml;charset=utf-8,%3Csvg xmlns%3D&#039;http%3A%2F%2Fwww.w3.org%2F2000%2Fsvg&#039; viewBox%3D&#039;0 0 1180 1080&#039;%2F%3E\" class=\"attachment-full size-full wp-image-4950 ld-lazyload\" alt=\"\" itemprop=\"image\" data-src=\"https:\/\/lionashotel.com\/wp-content\/uploads\/lionas-hotel-antalya-lobby.png\" data-srcset=\"https:\/\/lionashotel.com\/wp-content\/uploads\/lionas-hotel-antalya-lobby.png 1180w, https:\/\/lionashotel.com\/wp-content\/uploads\/lionas-hotel-antalya-lobby-300x275.png 300w, https:\/\/lionashotel.com\/wp-content\/uploads\/lionas-hotel-antalya-lobby-1024x937.png 1024w\" data-sizes=\"(max-width: 1180px) 100vw, 1180px\" data-aspect=\"1.0925925925926\" \/>\t\t\t\t\t\t\t\t\t\t\t\t\t\t\t\t\t\t\t\t\t\t\t\t\t\t\t\t\t<\/figure>\n\t\t\t<\/div>\n\t\t<\/div>\n\n\t\t\t\t\t<\/div>\n\t\t\t\t<\/div>\n\t\t\t\t\t<\/div>\n\t\t<\/div>\n\t\t\t\t<div class=\"elementor-column elementor-col-50 elementor-top-column elementor-element elementor-element-ef0aaa1\" data-id=\"ef0aaa1\" data-element_type=\"column\">\n\t\t\t<div class=\"elementor-widget-wrap elementor-element-populated\">\n\t\t\t\t\t\t<div class=\"elementor-element elementor-element-a4536a6 elementor-widget elementor-widget-hub_fancy_heading\" data-id=\"a4536a6\" data-element_type=\"widget\" id=\"TextHead\" data-widget_type=\"hub_fancy_heading.default\">\n\t\t\t\t<div class=\"elementor-widget-container\">\n\t\t\t\t\t\n\t\t<div id=\"ld-fancy-heading-69e0ec5f652ea\" class=\"ld-fancy-heading pos-rel\">\n\t\t\t<h2 class=\"ld-fh-element d-inline-block pos-rel  elementor-heading-title h2\"  > Tarih'in Kal\u0131c\u0131 Yolculu\u011funa <br>Haz\u0131r Olun! <\/h2>\t\t<\/div>\n\n\t\t\t\t\t\t<\/div>\n\t\t\t\t<\/div>\n\t\t\t\t<div class=\"elementor-element elementor-element-023475b elementor-widget elementor-widget-hub_fancy_heading\" data-id=\"023475b\" data-element_type=\"widget\" id=\"TextParagraph\" data-widget_type=\"hub_fancy_heading.default\">\n\t\t\t\t<div class=\"elementor-widget-container\">\n\t\t\t\t\t\n\t\t<div id=\"ld-fancy-heading-69e0ec5f6575d\" class=\"ld-fancy-heading pos-rel\">\n\t\t\t<p class=\"ld-fh-element d-inline-block pos-rel  p\"  > Lionas Hotel Kalei\u00e7i, konforu, kaliteyi ve harika bir tatili sizlere sunuyor. Antalya Kalei\u00e7i'nin etnik k\u00fclt\u00fcr\u00fc ve k\u00f6kl\u00fc tarihine ev sahipli\u011fi yapan Lionas Hotel, unutulmaz bir tatil deneyimi ya\u015faman\u0131za olanak tan\u0131r. <b>Antalya Kalei\u00e7i hotel<\/b> Lionas, tesislerinde kalite, konfor, do\u011fal g\u00fczellikler ve k\u00fclt\u00fcr\u00fc bir araya getirerek hayalinizdeki tatil i\u00e7in m\u00fckemmel bir se\u00e7enek sunar.<\/p>\t\t<\/div>\n\n\t\t\t\t\t\t<\/div>\n\t\t\t\t<\/div>\n\t\t\t\t<div class=\"elementor-element elementor-element-5b0d68a elementor-widget elementor-widget-hub_fancy_heading\" data-id=\"5b0d68a\" data-element_type=\"widget\" id=\"TextParagraph\" data-widget_type=\"hub_fancy_heading.default\">\n\t\t\t\t<div class=\"elementor-widget-container\">\n\t\t\t\t\t\n\t\t<div id=\"ld-fancy-heading-69e0ec5f65b79\" class=\"ld-fancy-heading pos-rel\">\n\t\t\t<p class=\"ld-fh-element d-inline-block pos-rel  p\"  > Antalya Kalei\u00e7i, zengin bir tarihe sahip k\u00f6kl\u00fc bir ge\u00e7mi\u015fe sahiptir. Burada bir\u00e7ok k\u00fclt\u00fcr ve medeniyetin izlerini bulabilir ve tatiliniz boyunca ge\u00e7mi\u015fe tan\u0131kl\u0131k edebilirsiniz. Romal\u0131lardan Sel\u00e7uklulara, Araplardan Perslilere kadar bir\u00e7ok medeniyetin etkisi alt\u0131nda kalm\u0131\u015f olan Antalya Kalei\u00e7i, binlerce y\u0131ll\u0131k ge\u00e7mi\u015fiyle g\u00fcn\u00fcm\u00fczde de \u00f6nemli bir turizm merkezidir.<\/p>\t\t<\/div>\n\n\t\t\t\t\t\t<\/div>\n\t\t\t\t<\/div>\n\t\t\t\t<div class=\"elementor-element elementor-element-3fa3c8e elementor-widget elementor-widget-hub_fancy_heading\" data-id=\"3fa3c8e\" data-element_type=\"widget\" id=\"TextParagraph\" data-widget_type=\"hub_fancy_heading.default\">\n\t\t\t\t<div class=\"elementor-widget-container\">\n\t\t\t\t\t\n\t\t<div id=\"ld-fancy-heading-69e0ec5f65f78\" class=\"ld-fancy-heading pos-rel\">\n\t\t\t<p class=\"ld-fh-element d-inline-block pos-rel  p\"  > Lionas Hotel, Antalya Kalei\u00e7i'nin tarihi atmosferini yans\u0131tan 19. y\u00fczy\u0131l Osmanl\u0131 mimarisine sahip e\u015fsiz bir yap\u0131d\u0131r. Tarihi dokusunu g\u00fcn\u00fcm\u00fcz\u00fcn modern konforuyla birle\u015ftirerek konuklar\u0131na benzersiz bir konaklama deneyimi sunar. Restorasyonu tamamlanan ve 11 farkl\u0131 odas\u0131yla hizmet veren Lionas Hotel, l\u00fcks ve ihti\u015faml\u0131 bir konaklama deneyimi sunar. <b>Lionas Hotel<\/b>, sizleri tarihi ve masals\u0131 d\u00fcnyas\u0131na davet ediyor. Hayalinizdeki tatil i\u00e7in Lionas Hotel'in e\u015fsiz atmosferinde unutulmaz anlar ya\u015fayabilirsiniz.<\/p>\t\t<\/div>\n\n\t\t\t\t\t\t<\/div>\n\t\t\t\t<\/div>\n\t\t\t\t\t<\/div>\n\t\t<\/div>\n\t\t\t\t\t<\/div>\n\t\t<\/section>\n\t\t\t\t<section class=\"elementor-section elementor-top-section elementor-element elementor-element-e74ae1d elementor-section-boxed elementor-section-height-default elementor-section-height-default\" data-id=\"e74ae1d\" data-element_type=\"section\">\n\t\t\t\t\t\t<div class=\"elementor-container elementor-column-gap-default\">\n\t\t\t\t\t<div class=\"elementor-column elementor-col-50 elementor-top-column elementor-element elementor-element-e1e4c5c\" data-id=\"e1e4c5c\" data-element_type=\"column\">\n\t\t\t<div class=\"elementor-widget-wrap elementor-element-populated\">\n\t\t\t\t\t\t<div class=\"elementor-element elementor-element-f77d828 elementor-widget elementor-widget-hub_fancy_heading\" data-id=\"f77d828\" data-element_type=\"widget\" data-widget_type=\"hub_fancy_heading.default\">\n\t\t\t\t<div class=\"elementor-widget-container\">\n\t\t\t\t\t\n\t\t<div id=\"ld-fancy-heading-69e0ec5f6638e\" class=\"ld-fancy-heading pos-rel\">\n\t\t\t<h2 class=\"ld-fh-element d-inline-block pos-rel  elementor-heading-title h2\"  > Tarih ve Do\u011fan\u0131n Bulu\u015ftu\u011fu<br>E\u015fsiz \u015eehir<\/h2>\t\t<\/div>\n\n\t\t\t\t\t\t<\/div>\n\t\t\t\t<\/div>\n\t\t\t\t<div class=\"elementor-element elementor-element-6bc672f elementor-widget elementor-widget-hub_fancy_heading\" data-id=\"6bc672f\" data-element_type=\"widget\" id=\"TextParagraph\" data-widget_type=\"hub_fancy_heading.default\">\n\t\t\t\t<div class=\"elementor-widget-container\">\n\t\t\t\t\t\n\t\t<div id=\"ld-fancy-heading-69e0ec5f66796\" class=\"ld-fancy-heading pos-rel\">\n\t\t\t<p class=\"ld-fh-element d-inline-block pos-rel  p\"  > <b>Antalya<\/b>, T\u00fcrkiye'nin g\u00fcneybat\u0131s\u0131nda Akdeniz k\u0131y\u0131s\u0131nda bulunan bir \u015fehirdir. Antalya, turizm a\u00e7\u0131s\u0131ndan olduk\u00e7a zengin bir \u015fehirdir ve mavi bayrakl\u0131 plajlar\u0131, tarihi ve k\u00fclt\u00fcrel miras\u0131, do\u011fal g\u00fczellikleri ve y\u0131l boyunca g\u00fcne\u015fli iklimi ile bilinir. \u015eehir, mistik Taurus Da\u011flar\u0131 ile Akdeniz'in birle\u015fti\u011fi noktada yer al\u0131r.<\/p>\t\t<\/div>\n\n\t\t\t\t\t\t<\/div>\n\t\t\t\t<\/div>\n\t\t\t\t<div class=\"elementor-element elementor-element-3a7d4d4 elementor-widget elementor-widget-hub_fancy_heading\" data-id=\"3a7d4d4\" data-element_type=\"widget\" id=\"TextParagraph\" data-widget_type=\"hub_fancy_heading.default\">\n\t\t\t\t<div class=\"elementor-widget-container\">\n\t\t\t\t\t\n\t\t<div id=\"ld-fancy-heading-69e0ec5f66b9d\" class=\"ld-fancy-heading pos-rel\">\n\t\t\t<p class=\"ld-fh-element d-inline-block pos-rel  p\"  > Antalya'n\u0131n en \u00fcnl\u00fc b\u00f6lgelerinden biri Kalei\u00e7i'dir. <b>Kalei\u00e7i<\/b>, tarihi bir yar\u0131madad\u0131r ve Antalya'n\u0131n eski \u015fehir merkezidir. Dar sokaklar\u0131, ta\u015f evleri, tarihi yap\u0131lar\u0131 ve liman\u0131yla Kalei\u00e7i, binlerce y\u0131ll\u0131k bir ge\u00e7mi\u015fi yans\u0131t\u0131r. Burada bulunan tarihi yap\u0131lar aras\u0131nda <b>Hadrian Kap\u0131s\u0131, Yivli Minare, Kesik Minare<\/b> ve <b>Saat Kulesi<\/b> gibi \u00f6nemli eserler bulunur.<\/p>\t\t<\/div>\n\n\t\t\t\t\t\t<\/div>\n\t\t\t\t<\/div>\n\t\t\t\t<div class=\"elementor-element elementor-element-6ed66a7 elementor-widget elementor-widget-hub_fancy_heading\" data-id=\"6ed66a7\" data-element_type=\"widget\" id=\"TextParagraph\" data-widget_type=\"hub_fancy_heading.default\">\n\t\t\t\t<div class=\"elementor-widget-container\">\n\t\t\t\t\t\n\t\t<div id=\"ld-fancy-heading-69e0ec5f66fbe\" class=\"ld-fancy-heading pos-rel\">\n\t\t\t<p class=\"ld-fh-element d-inline-block pos-rel  p\"  > Antalya, s\u0131cak iklimi, temiz plajlar\u0131, lezzetli mutfa\u011f\u0131 ve \u00e7e\u015fitli turistik aktiviteleriyle y\u0131l boyunca milyonlarca yerli ve yabanc\u0131 turisti a\u011f\u0131rlar. \u015eehir, tarihi ve do\u011fal g\u00fczellikleriyle turistler i\u00e7in ke\u015ffedilmeyi bekleyen bir\u00e7ok yer sunar.<\/p>\t\t<\/div>\n\n\t\t\t\t\t\t<\/div>\n\t\t\t\t<\/div>\n\t\t\t\t\t<\/div>\n\t\t<\/div>\n\t\t\t\t<div class=\"elementor-column elementor-col-50 elementor-top-column elementor-element elementor-element-2674add\" data-id=\"2674add\" data-element_type=\"column\">\n\t\t\t<div class=\"elementor-widget-wrap elementor-element-populated\">\n\t\t\t\t\t\t<div class=\"elementor-element elementor-element-53e81b2 elementor-widget__width-auto elementor-widget elementor-widget-ld_fancy_image\" data-id=\"53e81b2\" data-element_type=\"widget\" data-widget_type=\"ld_fancy_image.default\">\n\t\t\t\t<div class=\"elementor-widget-container\">\n\t\t\t\t\t\n\t\t<div class=\"lqd-imggrp-single d-block pos-rel \" data-shadow-style=\"4\">\n\t\t\t<div class=\"lqd-imggrp-img-container d-inline-flex pos-rel align-items-center justify-content-center \">\n\t\t\t\t\t\t\t\t<figure class=\"w-100 pos-rel\">\n\t\t\t\t\t<img decoding=\"async\" width=\"1180\" height=\"1080\" src=\"data:image\/svg+xml;charset=utf-8,%3Csvg xmlns%3D&#039;http%3A%2F%2Fwww.w3.org%2F2000%2Fsvg&#039; viewBox%3D&#039;0 0 1180 1080&#039;%2F%3E\" class=\"attachment-full size-full wp-image-4949 ld-lazyload\" alt=\"\" itemprop=\"image\" data-src=\"https:\/\/lionashotel.com\/wp-content\/uploads\/antalya-selekler-photos.png\" data-srcset=\"https:\/\/lionashotel.com\/wp-content\/uploads\/antalya-selekler-photos.png 1180w, https:\/\/lionashotel.com\/wp-content\/uploads\/antalya-selekler-photos-300x275.png 300w, https:\/\/lionashotel.com\/wp-content\/uploads\/antalya-selekler-photos-1024x937.png 1024w\" data-sizes=\"(max-width: 1180px) 100vw, 1180px\" data-aspect=\"1.0925925925926\" \/>\t\t\t\t\t\t\t\t\t\t\t\t\t\t\t\t\t\t\t\t\t\t\t\t\t\t\t\t\t<\/figure>\n\t\t\t<\/div>\n\t\t<\/div>\n\n\t\t\t\t\t<\/div>\n\t\t\t\t<\/div>\n\t\t\t\t<div class=\"elementor-element elementor-element-52a8904 elementor-widget__width-auto elementor-absolute elementor-widget elementor-widget-ld_fancy_image\" data-id=\"52a8904\" data-element_type=\"widget\" data-settings=\"{&quot;_position&quot;:&quot;absolute&quot;}\" data-widget_type=\"ld_fancy_image.default\">\n\t\t\t\t<div class=\"elementor-widget-container\">\n\t\t\t\t\t\n\t\t<div class=\"lqd-imggrp-single d-block pos-rel \" data-shadow-style=\"4\">\n\t\t\t<div class=\"lqd-imggrp-img-container d-inline-flex pos-rel align-items-center justify-content-center \">\n\t\t\t\t\t\t\t\t<figure class=\"w-100 pos-rel\">\n\t\t\t\t\t<img loading=\"lazy\" decoding=\"async\" width=\"1180\" height=\"1080\" src=\"data:image\/svg+xml;charset=utf-8,%3Csvg xmlns%3D&#039;http%3A%2F%2Fwww.w3.org%2F2000%2Fsvg&#039; viewBox%3D&#039;0 0 1180 1080&#039;%2F%3E\" class=\"attachment-full size-full wp-image-4947 ld-lazyload\" alt=\"\" itemprop=\"image\" data-src=\"https:\/\/lionashotel.com\/wp-content\/uploads\/antalya-kale-photos.png\" data-srcset=\"https:\/\/lionashotel.com\/wp-content\/uploads\/antalya-kale-photos.png 1180w, https:\/\/lionashotel.com\/wp-content\/uploads\/antalya-kale-photos-300x275.png 300w, https:\/\/lionashotel.com\/wp-content\/uploads\/antalya-kale-photos-1024x937.png 1024w\" data-sizes=\"(max-width: 1180px) 100vw, 1180px\" data-aspect=\"1.0925925925926\" \/>\t\t\t\t\t\t\t\t\t\t\t\t\t\t\t\t\t\t\t\t\t\t\t\t\t\t\t\t\t<\/figure>\n\t\t\t<\/div>\n\t\t<\/div>\n\n\t\t\t\t\t<\/div>\n\t\t\t\t<\/div>\n\t\t\t\t\t<\/div>\n\t\t<\/div>\n\t\t\t\t\t<\/div>\n\t\t<\/section>\n\t\t\t\t<\/div>\n\t\t","protected":false},"excerpt":{"rendered":"<p>Hakk\u0131m\u0131zda Tarih&#8217;in Kal\u0131c\u0131 Yolculu\u011funa Haz\u0131r Olun! Lionas Hotel Kalei\u00e7i, konforu, kaliteyi ve harika bir tatili sizlere sunuyor. Antalya Kalei\u00e7i&#8217;nin etnik k\u00fclt\u00fcr\u00fc ve k\u00f6kl\u00fc tarihine ev sahipli\u011fi yapan Lionas Hotel, unutulmaz bir tatil deneyimi ya\u015faman\u0131za olanak tan\u0131r. Antalya Kalei\u00e7i hotel Lionas, tesislerinde kalite, konfor, do\u011fal g\u00fczellikler ve k\u00fclt\u00fcr\u00fc bir araya getirerek hayalinizdeki tatil i\u00e7in m\u00fckemmel bir [&hellip;]<\/p>\n","protected":false},"author":1,"featured_media":0,"parent":0,"menu_order":0,"comment_status":"closed","ping_status":"closed","template":"","meta":{"footnotes":""},"class_list":["post-3638","page","type-page","status-publish","hentry"],"yoast_head":"<!-- This site is optimized with the Yoast SEO Premium plugin v20.1 (Yoast SEO v26.1.1) - https:\/\/yoast.com\/wordpress\/plugins\/seo\/ -->\n<title>Hakk\u0131m\u0131zda - Lionas Hotel<\/title>\n<meta name=\"description\" content=\"Antalya&#039;n\u0131n tarihi Kalei\u00e7i&#039;nde keyifli bir konaklama i\u00e7in Lionas Hotel&#039;e bekleriz! Hemen rezervasyon yap\u0131n ve unutulmaz an\u0131lar biriktirin!\" \/>\n<meta name=\"robots\" content=\"index, follow, max-snippet:-1, max-image-preview:large, max-video-preview:-1\" \/>\n<link rel=\"canonical\" href=\"https:\/\/lionashotel.com\/tr\/hakkimizda\/\" \/>\n<meta property=\"og:locale\" content=\"tr_TR\" \/>\n<meta property=\"og:type\" content=\"article\" \/>\n<meta property=\"og:title\" content=\"Hakk\u0131m\u0131zda\" \/>\n<meta property=\"og:description\" content=\"Antalya\u2019n\u0131n merkezinde Tarihi Kalei\u00e7i sokaklar\u0131nda kaybolmaya haz\u0131r m\u0131s\u0131n? Otantik konseptiyle kusursuz bir konaklama keyfi sunan Lionas Hotel sizi bekliyor.\" \/>\n<meta property=\"og:url\" content=\"https:\/\/lionashotel.com\/tr\/hakkimizda\/\" \/>\n<meta property=\"og:site_name\" content=\"Lionas Hotel\" \/>\n<meta property=\"article:modified_time\" content=\"2024-04-28T20:08:06+00:00\" \/>\n<meta property=\"og:image\" content=\"https:\/\/livaport.com\/demo\/wp-content\/uploads\/antalya-lionas-hotel.png\" \/>\n<meta name=\"twitter:card\" content=\"summary_large_image\" \/>\n<meta name=\"twitter:label1\" content=\"Tahmini okuma s\u00fcresi\" \/>\n\t<meta name=\"twitter:data1\" content=\"3 dakika\" \/>\n<script type=\"application\/ld+json\" class=\"yoast-schema-graph\">{\"@context\":\"https:\/\/schema.org\",\"@graph\":[{\"@type\":\"WebPage\",\"@id\":\"https:\/\/lionashotel.com\/tr\/hakkimizda\/\",\"url\":\"https:\/\/lionashotel.com\/tr\/hakkimizda\/\",\"name\":\"Hakk\u0131m\u0131zda - Lionas Hotel\",\"isPartOf\":{\"@id\":\"https:\/\/lionashotel.com\/tr\/#website\"},\"primaryImageOfPage\":{\"@id\":\"https:\/\/lionashotel.com\/tr\/hakkimizda\/#primaryimage\"},\"image\":{\"@id\":\"https:\/\/lionashotel.com\/tr\/hakkimizda\/#primaryimage\"},\"thumbnailUrl\":\"https:\/\/livaport.com\/demo\/wp-content\/uploads\/antalya-lionas-hotel.png\",\"datePublished\":\"2021-05-27T08:22:27+00:00\",\"dateModified\":\"2024-04-28T20:08:06+00:00\",\"description\":\"Antalya'n\u0131n tarihi Kalei\u00e7i'nde keyifli bir konaklama i\u00e7in Lionas Hotel'e bekleriz! Hemen rezervasyon yap\u0131n ve unutulmaz an\u0131lar biriktirin!\",\"breadcrumb\":{\"@id\":\"https:\/\/lionashotel.com\/tr\/hakkimizda\/#breadcrumb\"},\"inLanguage\":\"tr\",\"potentialAction\":[{\"@type\":\"ReadAction\",\"target\":[\"https:\/\/lionashotel.com\/tr\/hakkimizda\/\"]}]},{\"@type\":\"ImageObject\",\"inLanguage\":\"tr\",\"@id\":\"https:\/\/lionashotel.com\/tr\/hakkimizda\/#primaryimage\",\"url\":\"https:\/\/livaport.com\/demo\/wp-content\/uploads\/antalya-lionas-hotel.png\",\"contentUrl\":\"https:\/\/livaport.com\/demo\/wp-content\/uploads\/antalya-lionas-hotel.png\"},{\"@type\":\"BreadcrumbList\",\"@id\":\"https:\/\/lionashotel.com\/tr\/hakkimizda\/#breadcrumb\",\"itemListElement\":[{\"@type\":\"ListItem\",\"position\":1,\"name\":\"Anasayfa\",\"item\":\"https:\/\/lionashotel.com\/tr\/\"},{\"@type\":\"ListItem\",\"position\":2,\"name\":\"Hakk\u0131m\u0131zda\"}]},{\"@type\":\"WebSite\",\"@id\":\"https:\/\/lionashotel.com\/tr\/#website\",\"url\":\"https:\/\/lionashotel.com\/tr\/\",\"name\":\"Lionas Hotel\",\"description\":\"\",\"publisher\":{\"@id\":\"https:\/\/lionashotel.com\/tr\/#organization\"},\"potentialAction\":[{\"@type\":\"SearchAction\",\"target\":{\"@type\":\"EntryPoint\",\"urlTemplate\":\"https:\/\/lionashotel.com\/tr\/?s={search_term_string}\"},\"query-input\":{\"@type\":\"PropertyValueSpecification\",\"valueRequired\":true,\"valueName\":\"search_term_string\"}}],\"inLanguage\":\"tr\"},{\"@type\":\"Organization\",\"@id\":\"https:\/\/lionashotel.com\/tr\/#organization\",\"name\":\"Lionas Hotel\",\"url\":\"https:\/\/lionashotel.com\/tr\/\",\"logo\":{\"@type\":\"ImageObject\",\"inLanguage\":\"tr\",\"@id\":\"https:\/\/lionashotel.com\/tr\/#\/schema\/logo\/image\/\",\"url\":\"https:\/\/livaport.com\/demo\/wp-content\/uploads\/lionashotel-logo.png\",\"contentUrl\":\"https:\/\/livaport.com\/demo\/wp-content\/uploads\/lionashotel-logo.png\",\"width\":500,\"height\":397,\"caption\":\"Lionas Hotel\"},\"image\":{\"@id\":\"https:\/\/lionashotel.com\/tr\/#\/schema\/logo\/image\/\"}}]}<\/script>\n<!-- \/ Yoast SEO Premium plugin. -->","yoast_head_json":{"title":"Hakk\u0131m\u0131zda - Lionas Hotel","description":"Antalya'n\u0131n tarihi Kalei\u00e7i'nde keyifli bir konaklama i\u00e7in Lionas Hotel'e bekleriz! Hemen rezervasyon yap\u0131n ve unutulmaz an\u0131lar biriktirin!","robots":{"index":"index","follow":"follow","max-snippet":"max-snippet:-1","max-image-preview":"max-image-preview:large","max-video-preview":"max-video-preview:-1"},"canonical":"https:\/\/lionashotel.com\/tr\/hakkimizda\/","og_locale":"tr_TR","og_type":"article","og_title":"Hakk\u0131m\u0131zda","og_description":"Antalya\u2019n\u0131n merkezinde Tarihi Kalei\u00e7i sokaklar\u0131nda kaybolmaya haz\u0131r m\u0131s\u0131n? Otantik konseptiyle kusursuz bir konaklama keyfi sunan Lionas Hotel sizi bekliyor.","og_url":"https:\/\/lionashotel.com\/tr\/hakkimizda\/","og_site_name":"Lionas Hotel","article_modified_time":"2024-04-28T20:08:06+00:00","og_image":[{"url":"https:\/\/livaport.com\/demo\/wp-content\/uploads\/antalya-lionas-hotel.png","type":"","width":"","height":""}],"twitter_card":"summary_large_image","twitter_misc":{"Tahmini okuma s\u00fcresi":"3 dakika"},"schema":{"@context":"https:\/\/schema.org","@graph":[{"@type":"WebPage","@id":"https:\/\/lionashotel.com\/tr\/hakkimizda\/","url":"https:\/\/lionashotel.com\/tr\/hakkimizda\/","name":"Hakk\u0131m\u0131zda - Lionas Hotel","isPartOf":{"@id":"https:\/\/lionashotel.com\/tr\/#website"},"primaryImageOfPage":{"@id":"https:\/\/lionashotel.com\/tr\/hakkimizda\/#primaryimage"},"image":{"@id":"https:\/\/lionashotel.com\/tr\/hakkimizda\/#primaryimage"},"thumbnailUrl":"https:\/\/livaport.com\/demo\/wp-content\/uploads\/antalya-lionas-hotel.png","datePublished":"2021-05-27T08:22:27+00:00","dateModified":"2024-04-28T20:08:06+00:00","description":"Antalya'n\u0131n tarihi Kalei\u00e7i'nde keyifli bir konaklama i\u00e7in Lionas Hotel'e bekleriz! Hemen rezervasyon yap\u0131n ve unutulmaz an\u0131lar biriktirin!","breadcrumb":{"@id":"https:\/\/lionashotel.com\/tr\/hakkimizda\/#breadcrumb"},"inLanguage":"tr","potentialAction":[{"@type":"ReadAction","target":["https:\/\/lionashotel.com\/tr\/hakkimizda\/"]}]},{"@type":"ImageObject","inLanguage":"tr","@id":"https:\/\/lionashotel.com\/tr\/hakkimizda\/#primaryimage","url":"https:\/\/livaport.com\/demo\/wp-content\/uploads\/antalya-lionas-hotel.png","contentUrl":"https:\/\/livaport.com\/demo\/wp-content\/uploads\/antalya-lionas-hotel.png"},{"@type":"BreadcrumbList","@id":"https:\/\/lionashotel.com\/tr\/hakkimizda\/#breadcrumb","itemListElement":[{"@type":"ListItem","position":1,"name":"Anasayfa","item":"https:\/\/lionashotel.com\/tr\/"},{"@type":"ListItem","position":2,"name":"Hakk\u0131m\u0131zda"}]},{"@type":"WebSite","@id":"https:\/\/lionashotel.com\/tr\/#website","url":"https:\/\/lionashotel.com\/tr\/","name":"Lionas Hotel","description":"","publisher":{"@id":"https:\/\/lionashotel.com\/tr\/#organization"},"potentialAction":[{"@type":"SearchAction","target":{"@type":"EntryPoint","urlTemplate":"https:\/\/lionashotel.com\/tr\/?s={search_term_string}"},"query-input":{"@type":"PropertyValueSpecification","valueRequired":true,"valueName":"search_term_string"}}],"inLanguage":"tr"},{"@type":"Organization","@id":"https:\/\/lionashotel.com\/tr\/#organization","name":"Lionas Hotel","url":"https:\/\/lionashotel.com\/tr\/","logo":{"@type":"ImageObject","inLanguage":"tr","@id":"https:\/\/lionashotel.com\/tr\/#\/schema\/logo\/image\/","url":"https:\/\/livaport.com\/demo\/wp-content\/uploads\/lionashotel-logo.png","contentUrl":"https:\/\/livaport.com\/demo\/wp-content\/uploads\/lionashotel-logo.png","width":500,"height":397,"caption":"Lionas Hotel"},"image":{"@id":"https:\/\/lionashotel.com\/tr\/#\/schema\/logo\/image\/"}}]}},"_links":{"self":[{"href":"https:\/\/lionashotel.com\/tr\/wp-json\/wp\/v2\/pages\/3638","targetHints":{"allow":["GET"]}}],"collection":[{"href":"https:\/\/lionashotel.com\/tr\/wp-json\/wp\/v2\/pages"}],"about":[{"href":"https:\/\/lionashotel.com\/tr\/wp-json\/wp\/v2\/types\/page"}],"author":[{"embeddable":true,"href":"https:\/\/lionashotel.com\/tr\/wp-json\/wp\/v2\/users\/1"}],"replies":[{"embeddable":true,"href":"https:\/\/lionashotel.com\/tr\/wp-json\/wp\/v2\/comments?post=3638"}],"version-history":[{"count":55,"href":"https:\/\/lionashotel.com\/tr\/wp-json\/wp\/v2\/pages\/3638\/revisions"}],"predecessor-version":[{"id":5114,"href":"https:\/\/lionashotel.com\/tr\/wp-json\/wp\/v2\/pages\/3638\/revisions\/5114"}],"wp:attachment":[{"href":"https:\/\/lionashotel.com\/tr\/wp-json\/wp\/v2\/media?parent=3638"}],"curies":[{"name":"wp","href":"https:\/\/api.w.org\/{rel}","templated":true}]}}