{"id":5022,"date":"2024-04-21T11:26:37","date_gmt":"2024-04-21T08:26:37","guid":{"rendered":"https:\/\/livaport.com\/demo\/?page_id=5022"},"modified":"2024-04-21T11:57:27","modified_gmt":"2024-04-21T08:57:27","slug":"cerez-politikasi","status":"publish","type":"page","link":"https:\/\/lionashotel.com\/tr\/cerez-politikasi\/","title":{"rendered":"\u00c7erez Politikas\u0131"},"content":{"rendered":"\t\t<div data-elementor-type=\"wp-page\" data-elementor-id=\"5022\" class=\"elementor elementor-5022\">\n\t\t\t\t\t\t<section class=\"elementor-section elementor-top-section elementor-element elementor-element-a8cf586 elementor-section-boxed elementor-section-height-default elementor-section-height-default\" data-id=\"a8cf586\" data-element_type=\"section\" id=\"SubPageHero\" data-settings=\"{&quot;background_background&quot;:&quot;classic&quot;}\">\n\t\t\t\t\t\t\t<div class=\"elementor-background-overlay\"><\/div>\n\t\t\t\t\t\t\t<div class=\"elementor-container elementor-column-gap-default\">\n\t\t\t\t\t<div class=\"elementor-column elementor-col-100 elementor-top-column elementor-element elementor-element-3285545\" data-id=\"3285545\" data-element_type=\"column\">\n\t\t\t<div class=\"elementor-widget-wrap elementor-element-populated\">\n\t\t\t\t\t\t<div class=\"elementor-element elementor-element-f30ca28 elementor-widget elementor-widget-hub_fancy_heading\" data-id=\"f30ca28\" data-element_type=\"widget\" data-widget_type=\"hub_fancy_heading.default\">\n\t\t\t\t<div class=\"elementor-widget-container\">\n\t\t\t\t\t\n\t\t<div id=\"ld-fancy-heading-69e0ece77bc6c\" class=\"ld-fancy-heading pos-rel\">\n\t\t\t<h1 class=\"ld-fh-element d-inline-block pos-rel  elementor-heading-title h1\"  > \u00c7erez Politikas\u0131<\/h1>\t\t<\/div>\n\n\t\t\t\t\t\t<\/div>\n\t\t\t\t<\/div>\n\t\t\t\t<div class=\"elementor-element elementor-element-0f94e4b elementor-align-center elementor-widget elementor-widget-ld_button\" data-id=\"0f94e4b\" data-element_type=\"widget\" data-widget_type=\"ld_button.default\">\n\t\t\t\t<div class=\"elementor-widget-container\">\n\t\t\t\t\t\n\t\t\t<a\n\t\t\t\tclass=\"elementor-button btn btn-naked btn-icon-right btn-no-label\" data-localscroll=\"1\" data-localscroll-options=\"{&quot;scrollBelowSection&quot;:true}\" href=\"#\"\t\t\t>\n\t\t\t\t\t\t\t\t\t\t\t\t\t\t<span class=\"btn-icon\">\n\t\t\t\t\t\t\t<i aria-hidden=\"true\" class=\"lqd-icn-ess icon-ion-ios-arrow-down\"><\/i>\t\t\t\t\t\t<\/span>\n\t\t\t\t\t\t\t\t\t<\/a>\n\t\t\t\t\t\t\t<\/div>\n\t\t\t\t<\/div>\n\t\t\t\t\t<\/div>\n\t\t<\/div>\n\t\t\t\t\t<\/div>\n\t\t<\/section>\n\t\t\t\t<section class=\"elementor-section elementor-top-section elementor-element elementor-element-3ebe36e4 elementor-section-boxed elementor-section-height-default elementor-section-height-default\" data-id=\"3ebe36e4\" data-element_type=\"section\">\n\t\t\t\t\t\t<div class=\"elementor-container elementor-column-gap-default\">\n\t\t\t\t\t<div class=\"elementor-column elementor-col-100 elementor-top-column elementor-element elementor-element-21b9f6a3\" data-id=\"21b9f6a3\" data-element_type=\"column\">\n\t\t\t<div class=\"elementor-widget-wrap elementor-element-populated\">\n\t\t\t\t\t\t<div class=\"elementor-element elementor-element-5c9d123 elementor-widget elementor-widget-hub_fancy_heading\" data-id=\"5c9d123\" data-element_type=\"widget\" id=\"TextHead\" data-widget_type=\"hub_fancy_heading.default\">\n\t\t\t\t<div class=\"elementor-widget-container\">\n\t\t\t\t\t\n\t\t<div id=\"ld-fancy-heading-69e0ece77efc1\" class=\"ld-fancy-heading pos-rel\">\n\t\t\t<h6 class=\"ld-fh-element d-inline-block pos-rel  elementor-heading-title h6\"  > GENEL<\/h6>\t\t<\/div>\n\n\t\t\t\t\t\t<\/div>\n\t\t\t\t<\/div>\n\t\t\t\t<div class=\"elementor-element elementor-element-a6e30d2 elementor-widget elementor-widget-hub_fancy_heading\" data-id=\"a6e30d2\" data-element_type=\"widget\" id=\"TextParagraph\" data-widget_type=\"hub_fancy_heading.default\">\n\t\t\t\t<div class=\"elementor-widget-container\">\n\t\t\t\t\t\n\t\t<div id=\"ld-fancy-heading-69e0ece77f3e8\" class=\"ld-fancy-heading pos-rel\">\n\t\t\t<p class=\"ld-fh-element d-inline-block pos-rel  p\"  > Lionas A.\u015e. (\u201c\u015eirket\u201d)\u2019ye ait https:\/\/www.lionashotel.com\/ internet sitemizde \u00e7e\u015fitli \u00e7erezler kullan\u0131lmaktad\u0131r. Bu politika, sitemizde kulland\u0131\u011f\u0131m\u0131z \u00e7erezlere ili\u015fkin olup, sitemizi ziyaretiniz esnas\u0131nda hangi \u00e7erezleri kulland\u0131\u011f\u0131m\u0131z\u0131 ve kullan\u0131m ama\u00e7lar\u0131m\u0131z\u0131 sizlere a\u00e7\u0131klamak \u00fczere haz\u0131rlanm\u0131\u015ft\u0131r.\n\u00c7erez, ziyaret etti\u011finiz internet sitesi arac\u0131l\u0131\u011f\u0131yla elde edilen ve \u00e7erezi yerle\u015ftiren ki\u015finin sizinle ilgili bilgiler edinmesini sa\u011flayan k\u00fc\u00e7\u00fck metin dosyalar\u0131d\u0131r. \u00c7erezler genelde internet sitelerinin \u00e7al\u0131\u015fmas\u0131n\u0131 veya daha iyi \u00e7al\u0131\u015fmas\u0131n\u0131 sa\u011flamak, genel kullan\u0131m raporlar\u0131 olu\u015fturmak veya kullan\u0131c\u0131lar\u0131n hat\u0131rlanmas\u0131n\u0131 sa\u011flamak gibi i\u015flevsellik, performans, pazarlama faaliyetleri gibi ama\u00e7larla kullan\u0131lmaktad\u0131r.<\/p>\t\t<\/div>\n\n\t\t\t\t\t\t<\/div>\n\t\t\t\t<\/div>\n\t\t\t\t<div class=\"elementor-element elementor-element-2bc66eb elementor-widget elementor-widget-hub_fancy_heading\" data-id=\"2bc66eb\" data-element_type=\"widget\" id=\"TextHead\" data-widget_type=\"hub_fancy_heading.default\">\n\t\t\t\t<div class=\"elementor-widget-container\">\n\t\t\t\t\t\n\t\t<div id=\"ld-fancy-heading-69e0ece77f7d7\" class=\"ld-fancy-heading pos-rel\">\n\t\t\t<h6 class=\"ld-fh-element d-inline-block pos-rel  elementor-heading-title h6\"  > Kulland\u0131\u011f\u0131m\u0131z \u00c7erezler ile Kullan\u0131m Amac\u0131m\u0131z<\/h6>\t\t<\/div>\n\n\t\t\t\t\t\t<\/div>\n\t\t\t\t<\/div>\n\t\t\t\t<div class=\"elementor-element elementor-element-3794d57 elementor-widget elementor-widget-hub_fancy_heading\" data-id=\"3794d57\" data-element_type=\"widget\" id=\"TextParagraph\" data-widget_type=\"hub_fancy_heading.default\">\n\t\t\t\t<div class=\"elementor-widget-container\">\n\t\t\t\t\t\n\t\t<div id=\"ld-fancy-heading-69e0ece77fbe5\" class=\"ld-fancy-heading pos-rel\">\n\t\t\t<p class=\"ld-fh-element d-inline-block pos-rel  p\"  > Kulland\u0131\u011f\u0131m\u0131z baz\u0131 \u00e7erezler sizlere verdi\u011fimiz hizmetler kapsam\u0131nda zorunlu olarak kullan\u0131lmaktad\u0131r. Kulland\u0131\u011f\u0131m\u0131z baz\u0131 \u00e7erezler ise sadece siz onay verdi\u011finiz s\u00fcrece kullan\u0131lmaktad\u0131r. Bu kapsamda temel olarak kulland\u0131\u011f\u0131m\u0131z \u00e7erezler \u015funlard\u0131r:\nZorunlu olarak kulland\u0131\u011f\u0131m\u0131z \u00e7erezler:\nBu \u00e7erezler internet sitemizin kullan\u0131m\u0131 i\u00e7in zorunlu olan \u00e7erezlerdir ve \u00e7o\u011funlukla ki\u015fisel veri i\u00e7ermemektedir. Bu t\u00fcr \u00e7erezlerin kullan\u0131m\u0131nda onay\u0131n\u0131z aranmamaktad\u0131r.\n<br><br>\n\u0130\u015flevselli\u011fi art\u0131rmak i\u00e7in kulland\u0131\u011f\u0131m\u0131z \u00e7erezler:\nBu \u00e7erezler b\u00f6lgeye g\u00f6re dil se\u00e7iminin sa\u011flanmas\u0131 gibi sitemizin i\u015flevselli\u011fini art\u0131rmak amac\u0131yla kullan\u0131lmaktad\u0131r. Bu t\u00fcr \u00e7erezler t\u00fcr\u00fcne g\u00f6re onay\u0131n\u0131za tabii olarak kullan\u0131l\u0131r.\n<br><br>\nPerformans amac\u0131yla kulland\u0131\u011f\u0131m\u0131z \u00e7erezler:\nBu \u00e7erezler internet sitemizi geli\u015ftirmek, iyile\u015ftirmeler yapmak i\u00e7in kullan\u0131l\u0131r. Bu t\u00fcr \u00e7erezler t\u00fcr\u00fcne g\u00f6re onay\u0131n\u0131za tabii olarak kullan\u0131l\u0131r.\n<br><br>\nProfilleme veya hedefleme (targeting) \u00e7erezleri:\nBu \u00e7erezler ile internet sitemizi ziyaret etti\u011fini s\u0131rada i\u015flemleriniz kaydedilerek sizlerin davran\u0131\u015f al\u0131\u015fkanl\u0131klar\u0131 analiz edilmekte bu yolla ki\u015fiselle\u015ftirilmi\u015f reklam ve pazarlama faaliyetlerinin y\u00fcr\u00fct\u00fclmesi, size \u00f6zel i\u00e7eriklerin \u00f6n plana \u00e7\u0131kar\u0131lmas\u0131 sa\u011flanmaktad\u0131r. Bu t\u00fcr \u00e7erezler onay\u0131n\u0131za tabii olarak kullan\u0131l\u0131r.\n<br><br>\nBununla birlikte kullan\u0131m \u00f6m\u00fcrlerine g\u00f6re \u015fu \u00e7erezleri kullanmaktay\u0131z. Bunlar:\nKal\u0131c\u0131 \u00c7erezler: Bu \u00e7erezler cihaz\u0131n\u0131za atanan ve ge\u00e7erlilik s\u00fcresi boyunca kullan\u0131lan \u00e7erezlerdir.\n<br><br>\nGe\u00e7ici \u00c7erezler veya Oturum \u00c7erezleri: Bu t\u00fcr \u00e7erezler ile her bir ziyaretinize \u00f6zel olarak atanmakta ve kullan\u0131m \u00f6mr\u00fc ziyaretinizin s\u00fcresi kadar olmaktad\u0131r. Bu t\u00fcr \u00e7erezler taray\u0131c\u0131n\u0131z\u0131 kapatt\u0131\u011f\u0131n\u0131zda silinir.\n<br><br>\nSon olarak sitemizde kendi \u00e7erezlerimizi ve \u00fc\u00e7\u00fcnc\u00fc taraf \u00e7erezleri kullanmaktay\u0131z. Bu y\u00f6nde kulland\u0131\u011f\u0131m\u0131z \u00e7erezleri \u015f\u00f6yle a\u00e7\u0131klayabiliriz:\n<br><br>\nBirinci Taraf \u00c7erezleri: Bizzat kendi sitemiz taraf\u0131ndan yerle\u015ftirilen, kendi \u00fcr\u00fcn ve hizmetlerimize y\u00f6nelik ama\u00e7lar i\u00e7in kullan\u0131lan \u00e7erezlerdir.\n<br><br>\n\u00dc\u00e7\u00fcnc\u00fc Taraf \u00c7erezleri: Kendi sitemiz haricinde \u00fc\u00e7\u00fcnc\u00fc taraflarca yerle\u015ftirilen, ama\u00e7lar\u0131 ve kullan\u0131m y\u00f6ntemleri \u00fc\u00e7\u00fcnc\u00fc taraflara ba\u011fl\u0131 olan \u00e7erezlerdir.<\/p>\t\t<\/div>\n\n\t\t\t\t\t\t<\/div>\n\t\t\t\t<\/div>\n\t\t\t\t<div class=\"elementor-element elementor-element-d1482ef elementor-widget elementor-widget-hub_fancy_heading\" data-id=\"d1482ef\" data-element_type=\"widget\" id=\"TextHead\" data-widget_type=\"hub_fancy_heading.default\">\n\t\t\t\t<div class=\"elementor-widget-container\">\n\t\t\t\t\t\n\t\t<div id=\"ld-fancy-heading-69e0ece780050\" class=\"ld-fancy-heading pos-rel\">\n\t\t\t<h6 class=\"ld-fh-element d-inline-block pos-rel  elementor-heading-title h6\"  > \u00c7erezleri Kald\u0131rma Prosed\u00fcr\u00fc<\/h6>\t\t<\/div>\n\n\t\t\t\t\t\t<\/div>\n\t\t\t\t<\/div>\n\t\t\t\t<div class=\"elementor-element elementor-element-64a9c30 elementor-widget elementor-widget-hub_fancy_heading\" data-id=\"64a9c30\" data-element_type=\"widget\" id=\"TextParagraph\" data-widget_type=\"hub_fancy_heading.default\">\n\t\t\t\t<div class=\"elementor-widget-container\">\n\t\t\t\t\t\n\t\t<div id=\"ld-fancy-heading-69e0ece780446\" class=\"ld-fancy-heading pos-rel\">\n\t\t\t<p class=\"ld-fh-element d-inline-block pos-rel  p\"  > \u00c7erezler kulland\u0131\u011f\u0131n\u0131z taray\u0131c\u0131lar vas\u0131tas\u0131yla sistemimize yerle\u015ftirilir. Kullan\u0131c\u0131lar kulland\u0131klar\u0131 taray\u0131c\u0131lara g\u00f6re de\u011fi\u015fen y\u00f6ntemler ile, \u015firketimize ait web sitesinde kullan\u0131lan, saklanan, i\u015flenen \u00e7erezlerden dilediklerini silebilir, engelleyebilir veya tekrar onay verebilir. Sitemizi ziyaret etmek i\u00e7in kulland\u0131\u011f\u0131n\u0131z taray\u0131c\u0131ya g\u00f6re bahsi ge\u00e7en i\u015flemleri a\u015fa\u011f\u0131daki linklerden yapabilirsiniz.\n<br><br>\n\u00c7erezlere verdi\u011finiz izni iptal etti\u011finizde sitemizin baz\u0131 fonksiyonlar\u0131n\u0131 kullanamayabilir veya daha az etkinlikle kullanabilirsiniz.\n<br>\nInternet Explorer https:\/\/support.microsoft.com\/en-GB\/kb\/278835\n<br>\nChrome \u2013 https:\/\/support.google.com\/chrome\/answer\/95647?hl=en-GB\n<br>\nFirefox \u2013 https:\/\/support.mozilla.org\/en-GB\/kb\/delete-browsing-search-download-history-firefox\n<br>\nSafari \u2013 https:\/\/support.apple.com\/kb\/PH5042?locale=en-GB\n<br>\nOpera \u2013 http:\/\/www.opera.com\/help\/tutorials\/\n<br><br>\nE\u011fer \u00fcstte yazanlardan farkl\u0131 bir taray\u0131c\u0131 kullan\u0131yorsan\u0131z, taray\u0131c\u0131n\u0131z\u0131n geli\u015ftirici (developer) sayfas\u0131n\u0131 ziyaret edin.\n<br><br>\nT\u00fcm taray\u0131c\u0131larda Google Analytics \u00e7erezlerini kapatmak i\u00e7in ise http:\/\/tools.google.com\/dlpage\/gaoptout adresini kullanabilirsiniz.\n<br><br>\nLionas A.\u015e., bu \u00e7erez bildiriminde de\u011fi\u015fiklik yapma hakk\u0131n\u0131 sakl\u0131 tutar. Gizlili\u011finizi \u00f6nemsiyor ve bu nedenle \u00e7erez bildirimimizi gerektik\u00e7e g\u00fcncelliyoruz. G\u00fcncel versiyonuna sitemizi ziyaret ederek her zaman ula\u015fabilirsiniz.<\/p>\t\t<\/div>\n\n\t\t\t\t\t\t<\/div>\n\t\t\t\t<\/div>\n\t\t\t\t\t<\/div>\n\t\t<\/div>\n\t\t\t\t\t<\/div>\n\t\t<\/section>\n\t\t\t\t<\/div>\n\t\t","protected":false},"excerpt":{"rendered":"<p>\u00c7erez Politikas\u0131 GENEL Lionas A.\u015e. (\u201c\u015eirket\u201d)\u2019ye ait https:\/\/www.lionashotel.com\/ internet sitemizde \u00e7e\u015fitli \u00e7erezler kullan\u0131lmaktad\u0131r. Bu politika, sitemizde kulland\u0131\u011f\u0131m\u0131z \u00e7erezlere ili\u015fkin olup, sitemizi ziyaretiniz esnas\u0131nda hangi \u00e7erezleri kulland\u0131\u011f\u0131m\u0131z\u0131 ve kullan\u0131m ama\u00e7lar\u0131m\u0131z\u0131 sizlere a\u00e7\u0131klamak \u00fczere haz\u0131rlanm\u0131\u015ft\u0131r. \u00c7erez, ziyaret etti\u011finiz internet sitesi arac\u0131l\u0131\u011f\u0131yla elde edilen ve \u00e7erezi yerle\u015ftiren ki\u015finin sizinle ilgili bilgiler edinmesini sa\u011flayan k\u00fc\u00e7\u00fck metin dosyalar\u0131d\u0131r. \u00c7erezler genelde [&hellip;]<\/p>\n","protected":false},"author":1,"featured_media":0,"parent":0,"menu_order":0,"comment_status":"closed","ping_status":"closed","template":"","meta":{"footnotes":""},"class_list":["post-5022","page","type-page","status-publish","hentry"],"yoast_head":"<!-- This site is optimized with the Yoast SEO Premium plugin v20.1 (Yoast SEO v26.1.1) - https:\/\/yoast.com\/wordpress\/plugins\/seo\/ -->\n<title>\u00c7erez Politikas\u0131 - Lionas Hotel<\/title>\n<meta name=\"robots\" content=\"index, follow, max-snippet:-1, max-image-preview:large, max-video-preview:-1\" \/>\n<link rel=\"canonical\" href=\"https:\/\/lionashotel.com\/tr\/cerez-politikasi\/\" \/>\n<meta property=\"og:locale\" content=\"tr_TR\" \/>\n<meta property=\"og:type\" content=\"article\" \/>\n<meta property=\"og:title\" content=\"\u00c7erez Politikas\u0131\" \/>\n<meta property=\"og:description\" content=\"Antalya\u2019n\u0131n merkezinde Tarihi Kalei\u00e7i sokaklar\u0131nda kaybolmaya haz\u0131r m\u0131s\u0131n? Otantik konseptiyle kusursuz bir konaklama keyfi sunan Lionas Hotel sizi bekliyor.\" \/>\n<meta property=\"og:url\" content=\"https:\/\/lionashotel.com\/tr\/cerez-politikasi\/\" \/>\n<meta property=\"og:site_name\" content=\"Lionas Hotel\" \/>\n<meta property=\"article:modified_time\" content=\"2024-04-21T08:57:27+00:00\" \/>\n<meta property=\"og:image\" content=\"https:\/\/lionashotel.com\/wp-content\/uploads\/genel-foto-19.jpg\" \/>\n\t<meta property=\"og:image:width\" content=\"1250\" \/>\n\t<meta property=\"og:image:height\" content=\"833\" \/>\n\t<meta property=\"og:image:type\" content=\"image\/jpeg\" \/>\n<meta name=\"twitter:card\" content=\"summary_large_image\" \/>\n<meta name=\"twitter:label1\" content=\"Tahmini okuma s\u00fcresi\" \/>\n\t<meta name=\"twitter:data1\" content=\"4 dakika\" \/>\n<script type=\"application\/ld+json\" class=\"yoast-schema-graph\">{\"@context\":\"https:\/\/schema.org\",\"@graph\":[{\"@type\":\"WebPage\",\"@id\":\"https:\/\/lionashotel.com\/tr\/cerez-politikasi\/\",\"url\":\"https:\/\/lionashotel.com\/tr\/cerez-politikasi\/\",\"name\":\"\u00c7erez Politikas\u0131 - Lionas Hotel\",\"isPartOf\":{\"@id\":\"https:\/\/lionashotel.com\/tr\/#website\"},\"datePublished\":\"2024-04-21T08:26:37+00:00\",\"dateModified\":\"2024-04-21T08:57:27+00:00\",\"breadcrumb\":{\"@id\":\"https:\/\/lionashotel.com\/tr\/cerez-politikasi\/#breadcrumb\"},\"inLanguage\":\"tr\",\"potentialAction\":[{\"@type\":\"ReadAction\",\"target\":[\"https:\/\/lionashotel.com\/tr\/cerez-politikasi\/\"]}]},{\"@type\":\"BreadcrumbList\",\"@id\":\"https:\/\/lionashotel.com\/tr\/cerez-politikasi\/#breadcrumb\",\"itemListElement\":[{\"@type\":\"ListItem\",\"position\":1,\"name\":\"Anasayfa\",\"item\":\"https:\/\/lionashotel.com\/tr\/\"},{\"@type\":\"ListItem\",\"position\":2,\"name\":\"\u00c7erez Politikas\u0131\"}]},{\"@type\":\"WebSite\",\"@id\":\"https:\/\/lionashotel.com\/tr\/#website\",\"url\":\"https:\/\/lionashotel.com\/tr\/\",\"name\":\"Lionas Hotel\",\"description\":\"\",\"publisher\":{\"@id\":\"https:\/\/lionashotel.com\/tr\/#organization\"},\"potentialAction\":[{\"@type\":\"SearchAction\",\"target\":{\"@type\":\"EntryPoint\",\"urlTemplate\":\"https:\/\/lionashotel.com\/tr\/?s={search_term_string}\"},\"query-input\":{\"@type\":\"PropertyValueSpecification\",\"valueRequired\":true,\"valueName\":\"search_term_string\"}}],\"inLanguage\":\"tr\"},{\"@type\":\"Organization\",\"@id\":\"https:\/\/lionashotel.com\/tr\/#organization\",\"name\":\"Lionas Hotel\",\"url\":\"https:\/\/lionashotel.com\/tr\/\",\"logo\":{\"@type\":\"ImageObject\",\"inLanguage\":\"tr\",\"@id\":\"https:\/\/lionashotel.com\/tr\/#\/schema\/logo\/image\/\",\"url\":\"https:\/\/livaport.com\/demo\/wp-content\/uploads\/lionashotel-logo.png\",\"contentUrl\":\"https:\/\/livaport.com\/demo\/wp-content\/uploads\/lionashotel-logo.png\",\"width\":500,\"height\":397,\"caption\":\"Lionas Hotel\"},\"image\":{\"@id\":\"https:\/\/lionashotel.com\/tr\/#\/schema\/logo\/image\/\"}}]}<\/script>\n<!-- \/ Yoast SEO Premium plugin. -->","yoast_head_json":{"title":"\u00c7erez Politikas\u0131 - Lionas Hotel","robots":{"index":"index","follow":"follow","max-snippet":"max-snippet:-1","max-image-preview":"max-image-preview:large","max-video-preview":"max-video-preview:-1"},"canonical":"https:\/\/lionashotel.com\/tr\/cerez-politikasi\/","og_locale":"tr_TR","og_type":"article","og_title":"\u00c7erez Politikas\u0131","og_description":"Antalya\u2019n\u0131n merkezinde Tarihi Kalei\u00e7i sokaklar\u0131nda kaybolmaya haz\u0131r m\u0131s\u0131n? Otantik konseptiyle kusursuz bir konaklama keyfi sunan Lionas Hotel sizi bekliyor.","og_url":"https:\/\/lionashotel.com\/tr\/cerez-politikasi\/","og_site_name":"Lionas Hotel","article_modified_time":"2024-04-21T08:57:27+00:00","og_image":[{"width":1250,"height":833,"url":"https:\/\/lionashotel.com\/wp-content\/uploads\/genel-foto-19.jpg","type":"image\/jpeg"}],"twitter_card":"summary_large_image","twitter_misc":{"Tahmini okuma s\u00fcresi":"4 dakika"},"schema":{"@context":"https:\/\/schema.org","@graph":[{"@type":"WebPage","@id":"https:\/\/lionashotel.com\/tr\/cerez-politikasi\/","url":"https:\/\/lionashotel.com\/tr\/cerez-politikasi\/","name":"\u00c7erez Politikas\u0131 - Lionas Hotel","isPartOf":{"@id":"https:\/\/lionashotel.com\/tr\/#website"},"datePublished":"2024-04-21T08:26:37+00:00","dateModified":"2024-04-21T08:57:27+00:00","breadcrumb":{"@id":"https:\/\/lionashotel.com\/tr\/cerez-politikasi\/#breadcrumb"},"inLanguage":"tr","potentialAction":[{"@type":"ReadAction","target":["https:\/\/lionashotel.com\/tr\/cerez-politikasi\/"]}]},{"@type":"BreadcrumbList","@id":"https:\/\/lionashotel.com\/tr\/cerez-politikasi\/#breadcrumb","itemListElement":[{"@type":"ListItem","position":1,"name":"Anasayfa","item":"https:\/\/lionashotel.com\/tr\/"},{"@type":"ListItem","position":2,"name":"\u00c7erez Politikas\u0131"}]},{"@type":"WebSite","@id":"https:\/\/lionashotel.com\/tr\/#website","url":"https:\/\/lionashotel.com\/tr\/","name":"Lionas Hotel","description":"","publisher":{"@id":"https:\/\/lionashotel.com\/tr\/#organization"},"potentialAction":[{"@type":"SearchAction","target":{"@type":"EntryPoint","urlTemplate":"https:\/\/lionashotel.com\/tr\/?s={search_term_string}"},"query-input":{"@type":"PropertyValueSpecification","valueRequired":true,"valueName":"search_term_string"}}],"inLanguage":"tr"},{"@type":"Organization","@id":"https:\/\/lionashotel.com\/tr\/#organization","name":"Lionas Hotel","url":"https:\/\/lionashotel.com\/tr\/","logo":{"@type":"ImageObject","inLanguage":"tr","@id":"https:\/\/lionashotel.com\/tr\/#\/schema\/logo\/image\/","url":"https:\/\/livaport.com\/demo\/wp-content\/uploads\/lionashotel-logo.png","contentUrl":"https:\/\/livaport.com\/demo\/wp-content\/uploads\/lionashotel-logo.png","width":500,"height":397,"caption":"Lionas Hotel"},"image":{"@id":"https:\/\/lionashotel.com\/tr\/#\/schema\/logo\/image\/"}}]}},"_links":{"self":[{"href":"https:\/\/lionashotel.com\/tr\/wp-json\/wp\/v2\/pages\/5022","targetHints":{"allow":["GET"]}}],"collection":[{"href":"https:\/\/lionashotel.com\/tr\/wp-json\/wp\/v2\/pages"}],"about":[{"href":"https:\/\/lionashotel.com\/tr\/wp-json\/wp\/v2\/types\/page"}],"author":[{"embeddable":true,"href":"https:\/\/lionashotel.com\/tr\/wp-json\/wp\/v2\/users\/1"}],"replies":[{"embeddable":true,"href":"https:\/\/lionashotel.com\/tr\/wp-json\/wp\/v2\/comments?post=5022"}],"version-history":[{"count":4,"href":"https:\/\/lionashotel.com\/tr\/wp-json\/wp\/v2\/pages\/5022\/revisions"}],"predecessor-version":[{"id":5027,"href":"https:\/\/lionashotel.com\/tr\/wp-json\/wp\/v2\/pages\/5022\/revisions\/5027"}],"wp:attachment":[{"href":"https:\/\/lionashotel.com\/tr\/wp-json\/wp\/v2\/media?parent=5022"}],"curies":[{"name":"wp","href":"https:\/\/api.w.org\/{rel}","templated":true}]}}